{"id":54055,"date":"2020-08-07T20:26:24","date_gmt":"2020-08-07T19:26:24","guid":{"rendered":"https:\/\/www.battiloro.it\/produits-oro-chef\/poudre-alimentaire\/"},"modified":"2020-08-07T21:33:09","modified_gmt":"2020-08-07T20:33:09","slug":"poudre-alimentaire","status":"publish","type":"page","link":"https:\/\/www.battiloro.it\/fr\/produits-oro-chef\/poudre-alimentaire\/","title":{"rendered":"Poudre Alimentaire"},"content":{"rendered":"<p>[vc_row row_type=\u00a0\u00bbrow\u00a0\u00bb use_row_as_full_screen_section=\u00a0\u00bbno\u00a0\u00bb type=\u00a0\u00bbgrid\u00a0\u00bb oblique_section=\u00a0\u00bbno\u00a0\u00bb text_align=\u00a0\u00bbleft\u00a0\u00bb css_animation=\u00a0\u00bb\u00a0\u00bb box_shadow_on_row=\u00a0\u00bbno\u00a0\u00bb][vc_column][vc_empty_space height=\u00a0\u00bb20px\u00a0\u00bb image_repeat=\u00a0\u00bbno-repeat\u00a0\u00bb][vc_column_text]<\/p>\n<h1>Poudre Alimentaire<\/h1>\n<p>[\/vc_column_text][vc_empty_space height=\u00a0\u00bb20px\u00a0\u00bb image_repeat=\u00a0\u00bbno-repeat\u00a0\u00bb][vc_column_text]Les petites particules d&rsquo;or en font un produit recherch\u00e9 principalement dans le secteur de la confiserie, comme par exemple la d\u00e9coration de chocolats et p\u00e2tisseries.<\/p>\n<p><strong>EMBALLAGE: De 0,50 \u00e0 10 grammes.<\/strong>[\/vc_column_text][vc_empty_space height=\u00a0\u00bb45px\u00a0\u00bb image_repeat=\u00a0\u00bbno-repeat\u00a0\u00bb][\/vc_column][vc_column width=\u00a0\u00bb1\/4&Prime;]<div class=\"woocommerce \">\n<ul class=\"products clearfix type1 hover_type1 \">\n\t<li class=\"post-53912 product type-product status-publish has-post-thumbnail hentry product_cat-b-b-fr product_cat-feuille-adhesif product_cat-libre product_cat-metaux-precieux\">\n\t\t\t\t\t<div class=\"top-product-section\">\n\t\t\t\t<a href=\"https:\/\/www.battiloro.it\/fr\/metaux-precieux\/kt-24-or-pure\/\">\n\t\t\t\t\t<span class=\"image-wrapper\">\n\t\t\t\t\t\t\t\t\t\t<\/span>\n\t\t\t\t<\/a>\n\t\t\t\t<div class=\"product_image_overlay\"><\/div><div class=\"add-to-cart-button-outer\"><div class=\"add-to-cart-button-inner\"><div class=\"add-to-cart-button-inner2\"><a class=\"product_link_over\" href=\"https:\/\/www.battiloro.it\/fr\/metaux-precieux\/kt-24-or-pure\/\"><\/a><a rel=\"nofollow\" href=\"https:\/\/www.battiloro.it\/fr\/metaux-precieux\/kt-24-or-pure\/\" data-quantity=\"1\" data-product_id=\"53912\" data-product_sku=\"\" class=\"qbutton add-to-cart-button button product_type_simple\">Read more<\/a><\/div><\/div><\/div>\t\t\t<\/div>\n\t\t\t<div class=\"product_info_box\">\n\t\t\t\t<span class=\"product-categories\">\n\t\t\t\t\t<a href=\"https:\/\/www.battiloro.it\/fr\/Cat\u00e9gories-de-produits\/b-b-fr\/\" rel=\"tag\">b\/b<\/a>, <a href=\"https:\/\/www.battiloro.it\/fr\/Cat\u00e9gories-de-produits\/feuille-adhesif\/\" rel=\"tag\">feuille adh\u00e9sif<\/a>, <a href=\"https:\/\/www.battiloro.it\/fr\/Cat\u00e9gories-de-produits\/libre\/\" rel=\"tag\">libre<\/a>, <a href=\"https:\/\/www.battiloro.it\/fr\/Cat\u00e9gories-de-produits\/metaux-precieux\/\" rel=\"tag\">M\u00e9taux pr\u00e9cieux<\/a>\t\t\t\t<\/span>\n\t\t\t\t<a href=\"https:\/\/www.battiloro.it\/fr\/metaux-precieux\/kt-24-or-pure\/\" class=\"product-category\">            \n\t\t\t\t\t<span class=\"product-title\">KT 24 OR PURE<\/span>\n\t\t\t\t<\/a>\n\t\t\t\t\t\t\t\t<div class=\"shop_price_lightbox_holder\">\n\t\t\t\t\t\n\n    <div class=\"star-rating\">\n        <span style=\"width: 0%\"><\/span>\n    <\/div>\n\t\t\t\t\t\t\t\t\t<\/div>\t\t\t\t\n\t\t\t<\/div>\n\t\t\t\t<\/li>\n\n<\/ul>\n<\/div>[\/vc_column][vc_column width=\u00a0\u00bb1\/4&Prime;]<div class=\"woocommerce \">\n<ul class=\"products clearfix type1 hover_type1 \">\n\t<li class=\"post-53922 product type-product status-publish has-post-thumbnail hentry product_cat-feuille-adhesif product_cat-flocon product_cat-libre product_cat-metaux-precieux product_cat-miette product_cat-poudre-dor\">\n\t\t\t\t\t<div class=\"top-product-section\">\n\t\t\t\t<a href=\"https:\/\/www.battiloro.it\/fr\/metaux-precieux\/kt-23-or-alimentaire\/\">\n\t\t\t\t\t<span class=\"image-wrapper\">\n\t\t\t\t\t\t\t\t\t\t<\/span>\n\t\t\t\t<\/a>\n\t\t\t\t<div class=\"product_image_overlay\"><\/div><div class=\"add-to-cart-button-outer\"><div class=\"add-to-cart-button-inner\"><div class=\"add-to-cart-button-inner2\"><a class=\"product_link_over\" href=\"https:\/\/www.battiloro.it\/fr\/metaux-precieux\/kt-23-or-alimentaire\/\"><\/a><a rel=\"nofollow\" href=\"https:\/\/www.battiloro.it\/fr\/metaux-precieux\/kt-23-or-alimentaire\/\" data-quantity=\"1\" data-product_id=\"53922\" data-product_sku=\"\" class=\"qbutton add-to-cart-button button product_type_simple\">Read more<\/a><\/div><\/div><\/div>\t\t\t<\/div>\n\t\t\t<div class=\"product_info_box\">\n\t\t\t\t<span class=\"product-categories\">\n\t\t\t\t\t<a href=\"https:\/\/www.battiloro.it\/fr\/Cat\u00e9gories-de-produits\/feuille-adhesif\/\" rel=\"tag\">feuille adh\u00e9sif<\/a>, <a href=\"https:\/\/www.battiloro.it\/fr\/Cat\u00e9gories-de-produits\/flocon\/\" rel=\"tag\">flocon<\/a>, <a href=\"https:\/\/www.battiloro.it\/fr\/Cat\u00e9gories-de-produits\/libre\/\" rel=\"tag\">libre<\/a>, <a href=\"https:\/\/www.battiloro.it\/fr\/Cat\u00e9gories-de-produits\/metaux-precieux\/\" rel=\"tag\">M\u00e9taux pr\u00e9cieux<\/a>, <a href=\"https:\/\/www.battiloro.it\/fr\/Cat\u00e9gories-de-produits\/miette\/\" rel=\"tag\">miette<\/a>, <a href=\"https:\/\/www.battiloro.it\/fr\/Cat\u00e9gories-de-produits\/poudre-dor\/\" rel=\"tag\">poudre d&#039;or<\/a>\t\t\t\t<\/span>\n\t\t\t\t<a href=\"https:\/\/www.battiloro.it\/fr\/metaux-precieux\/kt-23-or-alimentaire\/\" class=\"product-category\">            \n\t\t\t\t\t<span class=\"product-title\">KT 23 OR ALIMENTAIRE<\/span>\n\t\t\t\t<\/a>\n\t\t\t\t\t\t\t\t<div class=\"shop_price_lightbox_holder\">\n\t\t\t\t\t\n\n    <div class=\"star-rating\">\n        <span style=\"width: 0%\"><\/span>\n    <\/div>\n\t\t\t\t\t\t\t\t\t<\/div>\t\t\t\t\n\t\t\t<\/div>\n\t\t\t\t<\/li>\n\n<\/ul>\n<\/div>[\/vc_column][vc_column width=\u00a0\u00bb1\/4&Prime;]<div class=\"woocommerce \">\n<ul class=\"products clearfix type1 hover_type1 \">\n\t<li class=\"post-53925 product type-product status-publish has-post-thumbnail hentry product_cat-feuille-adhesif product_cat-flocon product_cat-libre product_cat-metaux-precieux product_cat-miette product_cat-poudre-dor\">\n\t\t\t\t\t<div class=\"top-product-section\">\n\t\t\t\t<a href=\"https:\/\/www.battiloro.it\/fr\/metaux-precieux\/kt-22-or-alimentaire\/\">\n\t\t\t\t\t<span class=\"image-wrapper\">\n\t\t\t\t\t\t\t\t\t\t<\/span>\n\t\t\t\t<\/a>\n\t\t\t\t<div class=\"product_image_overlay\"><\/div><div class=\"add-to-cart-button-outer\"><div class=\"add-to-cart-button-inner\"><div class=\"add-to-cart-button-inner2\"><a class=\"product_link_over\" href=\"https:\/\/www.battiloro.it\/fr\/metaux-precieux\/kt-22-or-alimentaire\/\"><\/a><a rel=\"nofollow\" href=\"https:\/\/www.battiloro.it\/fr\/metaux-precieux\/kt-22-or-alimentaire\/\" data-quantity=\"1\" data-product_id=\"53925\" data-product_sku=\"\" class=\"qbutton add-to-cart-button button product_type_simple\">Read more<\/a><\/div><\/div><\/div>\t\t\t<\/div>\n\t\t\t<div class=\"product_info_box\">\n\t\t\t\t<span class=\"product-categories\">\n\t\t\t\t\t<a href=\"https:\/\/www.battiloro.it\/fr\/Cat\u00e9gories-de-produits\/feuille-adhesif\/\" rel=\"tag\">feuille adh\u00e9sif<\/a>, <a href=\"https:\/\/www.battiloro.it\/fr\/Cat\u00e9gories-de-produits\/flocon\/\" rel=\"tag\">flocon<\/a>, <a href=\"https:\/\/www.battiloro.it\/fr\/Cat\u00e9gories-de-produits\/libre\/\" rel=\"tag\">libre<\/a>, <a href=\"https:\/\/www.battiloro.it\/fr\/Cat\u00e9gories-de-produits\/metaux-precieux\/\" rel=\"tag\">M\u00e9taux pr\u00e9cieux<\/a>, <a href=\"https:\/\/www.battiloro.it\/fr\/Cat\u00e9gories-de-produits\/miette\/\" rel=\"tag\">miette<\/a>, <a href=\"https:\/\/www.battiloro.it\/fr\/Cat\u00e9gories-de-produits\/poudre-dor\/\" rel=\"tag\">poudre d&#039;or<\/a>\t\t\t\t<\/span>\n\t\t\t\t<a href=\"https:\/\/www.battiloro.it\/fr\/metaux-precieux\/kt-22-or-alimentaire\/\" class=\"product-category\">            \n\t\t\t\t\t<span class=\"product-title\">KT 22 OR ALIMENTAIRE<\/span>\n\t\t\t\t<\/a>\n\t\t\t\t\t\t\t\t<div class=\"shop_price_lightbox_holder\">\n\t\t\t\t\t\n\n    <div class=\"star-rating\">\n        <span style=\"width: 0%\"><\/span>\n    <\/div>\n\t\t\t\t\t\t\t\t\t<\/div>\t\t\t\t\n\t\t\t<\/div>\n\t\t\t\t<\/li>\n\n<\/ul>\n<\/div>[\/vc_column][vc_column width=\u00a0\u00bb1\/4&Prime;]<div class=\"woocommerce \">\n<ul class=\"products clearfix type1 hover_type1 \">\n\t<li class=\"post-53933 product type-product status-publish has-post-thumbnail hentry product_cat-coquille product_cat-feuille-adhesif product_cat-flocon product_cat-libre product_cat-metaux-precieux product_cat-miette product_cat-poudre-dor\">\n\t\t\t\t\t<div class=\"top-product-section\">\n\t\t\t\t<a href=\"https:\/\/www.battiloro.it\/fr\/metaux-precieux\/argent-pur\/\">\n\t\t\t\t\t<span class=\"image-wrapper\">\n\t\t\t\t\t\t\t\t\t\t<\/span>\n\t\t\t\t<\/a>\n\t\t\t\t<div class=\"product_image_overlay\"><\/div><div class=\"add-to-cart-button-outer\"><div class=\"add-to-cart-button-inner\"><div class=\"add-to-cart-button-inner2\"><a class=\"product_link_over\" href=\"https:\/\/www.battiloro.it\/fr\/metaux-precieux\/argent-pur\/\"><\/a><a rel=\"nofollow\" href=\"https:\/\/www.battiloro.it\/fr\/metaux-precieux\/argent-pur\/\" data-quantity=\"1\" data-product_id=\"53933\" data-product_sku=\"\" class=\"qbutton add-to-cart-button button product_type_simple\">Read more<\/a><\/div><\/div><\/div>\t\t\t<\/div>\n\t\t\t<div class=\"product_info_box\">\n\t\t\t\t<span class=\"product-categories\">\n\t\t\t\t\t<a href=\"https:\/\/www.battiloro.it\/fr\/Cat\u00e9gories-de-produits\/coquille\/\" rel=\"tag\">coquille<\/a>, <a href=\"https:\/\/www.battiloro.it\/fr\/Cat\u00e9gories-de-produits\/feuille-adhesif\/\" rel=\"tag\">feuille adh\u00e9sif<\/a>, <a href=\"https:\/\/www.battiloro.it\/fr\/Cat\u00e9gories-de-produits\/flocon\/\" rel=\"tag\">flocon<\/a>, <a href=\"https:\/\/www.battiloro.it\/fr\/Cat\u00e9gories-de-produits\/libre\/\" rel=\"tag\">libre<\/a>, <a href=\"https:\/\/www.battiloro.it\/fr\/Cat\u00e9gories-de-produits\/metaux-precieux\/\" rel=\"tag\">M\u00e9taux pr\u00e9cieux<\/a>, <a href=\"https:\/\/www.battiloro.it\/fr\/Cat\u00e9gories-de-produits\/miette\/\" rel=\"tag\">miette<\/a>, <a href=\"https:\/\/www.battiloro.it\/fr\/Cat\u00e9gories-de-produits\/poudre-dor\/\" rel=\"tag\">poudre d&#039;or<\/a>\t\t\t\t<\/span>\n\t\t\t\t<a href=\"https:\/\/www.battiloro.it\/fr\/metaux-precieux\/argent-pur\/\" class=\"product-category\">            \n\t\t\t\t\t<span class=\"product-title\">ARGENT PUR<\/span>\n\t\t\t\t<\/a>\n\t\t\t\t\t\t\t\t<div class=\"shop_price_lightbox_holder\">\n\t\t\t\t\t\n\n    <div class=\"star-rating\">\n        <span style=\"width: 0%\"><\/span>\n    <\/div>\n\t\t\t\t\t\t\t\t\t<\/div>\t\t\t\t\n\t\t\t<\/div>\n\t\t\t\t<\/li>\n\n<\/ul>\n<\/div>[\/vc_column][\/vc_row]<\/p>\n","protected":false},"excerpt":{"rendered":"<p>[vc_row row_type=\u00a0\u00bbrow\u00a0\u00bb use_row_as_full_screen_section=\u00a0\u00bbno\u00a0\u00bb type=\u00a0\u00bbgrid\u00a0\u00bb oblique_section=\u00a0\u00bbno\u00a0\u00bb text_align=\u00a0\u00bbleft\u00a0\u00bb css_animation=\u00a0\u00bb\u00a0\u00bb box_shadow_on_row=\u00a0\u00bbno\u00a0\u00bb][vc_column][vc_empty_space height=\u00a0\u00bb20px\u00a0\u00bb image_repeat=\u00a0\u00bbno-repeat\u00a0\u00bb][vc_column_text] Poudre Alimentaire [\/vc_column_text][vc_empty_space height=\u00a0\u00bb20px\u00a0\u00bb image_repeat=\u00a0\u00bbno-repeat\u00a0\u00bb][vc_column_text]Les petites particules d&rsquo;or en font un produit recherch\u00e9 principalement dans le secteur de la confiserie, comme par exemple la d\u00e9coration de chocolats et p\u00e2tisseries. EMBALLAGE: De 0,50 \u00e0 10 grammes.[\/vc_column_text][vc_empty_space height=\u00a0\u00bb45px\u00a0\u00bb image_repeat=\u00a0\u00bbno-repeat\u00a0\u00bb][\/vc_column][vc_column width=\u00a0\u00bb1\/4&Prime;][\/vc_column][vc_column width=\u00a0\u00bb1\/4&Prime;][\/vc_column][vc_column width=\u00a0\u00bb1\/4&Prime;][\/vc_column][vc_column width=\u00a0\u00bb1\/4&Prime;][\/vc_column][\/vc_row]<\/p>\n","protected":false},"author":1,"featured_media":0,"parent":53996,"menu_order":0,"comment_status":"closed","ping_status":"closed","template":"","meta":{"footnotes":""},"class_list":["post-54055","page","type-page","status-publish","hentry"],"_links":{"self":[{"href":"https:\/\/www.battiloro.it\/fr\/wp-json\/wp\/v2\/pages\/54055","targetHints":{"allow":["GET"]}}],"collection":[{"href":"https:\/\/www.battiloro.it\/fr\/wp-json\/wp\/v2\/pages"}],"about":[{"href":"https:\/\/www.battiloro.it\/fr\/wp-json\/wp\/v2\/types\/page"}],"author":[{"embeddable":true,"href":"https:\/\/www.battiloro.it\/fr\/wp-json\/wp\/v2\/users\/1"}],"replies":[{"embeddable":true,"href":"https:\/\/www.battiloro.it\/fr\/wp-json\/wp\/v2\/comments?post=54055"}],"version-history":[{"count":2,"href":"https:\/\/www.battiloro.it\/fr\/wp-json\/wp\/v2\/pages\/54055\/revisions"}],"predecessor-version":[{"id":54057,"href":"https:\/\/www.battiloro.it\/fr\/wp-json\/wp\/v2\/pages\/54055\/revisions\/54057"}],"up":[{"embeddable":true,"href":"https:\/\/www.battiloro.it\/fr\/wp-json\/wp\/v2\/pages\/53996"}],"wp:attachment":[{"href":"https:\/\/www.battiloro.it\/fr\/wp-json\/wp\/v2\/media?parent=54055"}],"curies":[{"name":"wp","href":"https:\/\/api.w.org\/{rel}","templated":true}]}}