{"id":53988,"date":"2020-08-07T17:43:02","date_gmt":"2020-08-07T16:43:02","guid":{"rendered":"https:\/\/www.battiloro.it\/dorure-a-la-detrempe-ou-a-leau\/"},"modified":"2020-08-07T21:25:28","modified_gmt":"2020-08-07T20:25:28","slug":"dorure-a-la-detrempe-ou-a-leau","status":"publish","type":"page","link":"https:\/\/www.battiloro.it\/fr\/dorure-a-la-detrempe-ou-a-leau\/","title":{"rendered":"Dorure \u00e0 la d\u00e9trempe (ou \u00e0 l\u2019eau)"},"content":{"rendered":"<p>[vc_row row_type=\u00a0\u00bbrow\u00a0\u00bb use_row_as_full_screen_section=\u00a0\u00bbno\u00a0\u00bb type=\u00a0\u00bbgrid\u00a0\u00bb oblique_section=\u00a0\u00bbno\u00a0\u00bb text_align=\u00a0\u00bbleft\u00a0\u00bb padding_top=\u00a0\u00bb60&Prime; padding_bottom=\u00a0\u00bb40&Prime; css_animation=\u00a0\u00bb\u00a0\u00bb box_shadow_on_row=\u00a0\u00bbno\u00a0\u00bb][vc_column][vc_empty_space height=\u00a0\u00bb20px\u00a0\u00bb image_repeat=\u00a0\u00bbno-repeat\u00a0\u00bb][vc_column_text]<\/p>\n<h1><strong>Dorure \u00e0 la d\u00e9trempe (ou \u00e0 l\u2019eau)<\/strong><\/h1>\n<p>[\/vc_column_text][vc_empty_space height=\u00a0\u00bb20px\u00a0\u00bb image_repeat=\u00a0\u00bbno-repeat\u00a0\u00bb][vc_column_text]<\/p>\n<h4 style=\"text-align: justify;\">La dorure \u00e0 la feuille d&rsquo;or est possible de deux mani\u00e8res.<\/h4>\n<h4 style=\"text-align: left;\"><\/h4>\n<h4 style=\"text-align: justify;\">La plus ancienne, la plus belle mais aussi la plus longue et la plus complexe est la dorure \u00e0 la d\u00e9trempe (ou \u00e0 l\u2019eau).<br \/>\nCette dorure, gr\u00e2ce \u00e0 la longue pr\u00e9paration de l&rsquo;objet \u00e0 dorer, permet dans la phase finale de faire ressortir l&rsquo;\u00e9clat et la qualit\u00e9 de l&rsquo;or vrai.<br \/>\nC&rsquo;est un long processus compos\u00e9 de phases tr\u00e8s sp\u00e9cifiques qui se succ\u00e8dent: \u00e9talement de l\u2019assiette, dorure des feuilles et enfin le brunissage.<\/h4>\n<p>[\/vc_column_text][vc_empty_space height=\u00a0\u00bb45px\u00a0\u00bb image_repeat=\u00a0\u00bbno-repeat\u00a0\u00bb][vc_column_text]<\/p>\n<h3><strong>\u00c9tape 1. Etalement du pl\u00e2tre<\/strong><\/h3>\n<p>[\/vc_column_text][vc_empty_space height=\u00a0\u00bb12px\u00a0\u00bb image_repeat=\u00a0\u00bbno-repeat\u00a0\u00bb][vc_row_inner row_type=\u00a0\u00bbrow\u00a0\u00bb type=\u00a0\u00bbgrid\u00a0\u00bb use_row_as_full_screen_section_slide=\u00a0\u00bbno\u00a0\u00bb text_align=\u00a0\u00bbleft\u00a0\u00bb css_animation=\u00a0\u00bb\u00a0\u00bb box_shadow_on_row=\u00a0\u00bbno\u00a0\u00bb el_id=\u00a0\u00bbammannitura\u00a0\u00bb][vc_column_inner][vc_column_text]<\/p>\n<p style=\"text-align: justify;\">L\u2019\u00e9talement du pl\u00e2tre est la premi\u00e8re phase dont d\u00e9pend un bon r\u00e9sultat final. La Colle de lapin est n\u00e9cessaire pour la pr\u00e9paration du pl\u00e2tre. Cette colle qu\u2019on trouve sur le march\u00e9 en grains ou en feuilles est pr\u00e9par\u00e9e au pr\u00e9alable en la laissant tremper dans l&rsquo;eau (les proportions correctes sont d&rsquo;environ 1:10 &#8211; 1:12). Une fois les grains gonfl\u00e9s et ramollis, on r\u00e9chauffe l&rsquo;eau, en prenant soin de ne jamais la laisser bouillir.<br \/>\n\u00c0 ce stade, avec un tamis, on introduit graduellement le pl\u00e2tre dans le r\u00e9cipient.<br \/>\nPour un bon travail, Il est fondamental qu&rsquo;il ne se m\u00e9lange jamais car cela provoquerait l&rsquo;incorporation de bulles d&rsquo;air qui, une fois s\u00e8ches, deviendraient des irr\u00e9gularit\u00e9s n\u00e9fastes \u00e0 la surface de l&rsquo;objet \u00e0 dorer. Continuer \u00e0 ajouter du pl\u00e2tre jusqu&rsquo;\u00e0 ce que le m\u00e9lange atteigne la bonne consistance pour \u00eatre \u00e9tal\u00e9 avec un pinceau en une couche homog\u00e8ne pas trop \u00e9paisse. Si le pl\u00e2tre est trop \u00e9pais, on apercevra beaucoup de marques de pinceau, s&rsquo;il est trop liquide, il ne fera pas la bonne \u00e9paisseur.<\/p>\n<p style=\"text-align: justify;\">Il est \u00e9galement important qu&rsquo;avant de proc\u00e9der aux couches de pl\u00e2tre, on \u00e9tale une couche de colle tr\u00e8s liquide souill\u00e9e de pl\u00e2tre.<\/p>\n<p style=\"text-align: justify;\">Entre un \u00e9talement et l\u2019autre laisser le pl\u00e2tre s\u00e9cher.<\/p>\n<p style=\"text-align: justify;\">Une fois l\u2019\u00e9talage du pl\u00e2tre termin\u00e9, il est recommand\u00e9 de terminer avec des fers ou des grattoirs pour \u00e9liminer tout exc\u00e8s ou imperfection. Ensuite, il faut le poncer avec du papier de verre \u00e0 grain fin.<br \/>\nEnfin, pour \u00e9liminer la poussi\u00e8re et fermer la porosit\u00e9, passez rapidement un tampon d\u2019ouate humide.<\/p>\n<p style=\"text-align: justify;\">Maintenant, la surface apparait parfaitement lisse et pr\u00eate pour la deuxi\u00e8me phase.<\/p>\n<p>[\/vc_column_text][\/vc_column_inner][\/vc_row_inner][vc_empty_space height=\u00a0\u00bb45px\u00a0\u00bb image_repeat=\u00a0\u00bbno-repeat\u00a0\u00bb][vc_column_text]<\/p>\n<h3><strong>\u00c9tape 2. Etalement de l\u2019assiette<\/strong><\/h3>\n<p>[\/vc_column_text][vc_empty_space height=\u00a0\u00bb12px\u00a0\u00bb image_repeat=\u00a0\u00bbno-repeat\u00a0\u00bb][vc_row_inner row_type=\u00a0\u00bbrow\u00a0\u00bb type=\u00a0\u00bbgrid\u00a0\u00bb use_row_as_full_screen_section_slide=\u00a0\u00bbno\u00a0\u00bb text_align=\u00a0\u00bbleft\u00a0\u00bb css_animation=\u00a0\u00bb\u00a0\u00bb box_shadow_on_row=\u00a0\u00bbno\u00a0\u00bb el_class=\u00a0\u00bbriga-colonna-doppia\u00a0\u00bb][vc_column_inner width=\u00a0\u00bb1\/2&Prime;][vc_single_image image=\u00a0\u00bb52717&Prime; img_size=\u00a0\u00bbfull\u00a0\u00bb qode_css_animation=\u00a0\u00bb\u00a0\u00bb el_class=\u00a0\u00bbimage-bottom-margin\u00a0\u00bb css=\u00a0\u00bb.vc_custom_1595259829164{margin-bottom: 20px !important;}\u00a0\u00bb][\/vc_column_inner][vc_column_inner width=\u00a0\u00bb1\/2&Prime;][vc_column_text]<\/p>\n<p style=\"text-align: justify;\">Le bole est un \u00e9l\u00e9ment indispensable de la dorure \u00e0 la d\u00e9trempe, car gr\u00e2ce \u00e0 son pouvoir adh\u00e9sif une fois m\u00e9lang\u00e9 \u00e0 la colle, il permet \u00e0 la feuille d&rsquo;adh\u00e9rer et permet son polissage lors de l&rsquo;\u00e9tape de brunissage.<\/p>\n<p style=\"text-align: justify;\">Vous pouvez le trouver dans des pots de diff\u00e9rentes couleurs. Pour la dorure, le rouge et le jaune sont g\u00e9n\u00e9ralement utilis\u00e9s tandis que le noir est utilis\u00e9 pour l&rsquo;argenture.<br \/>\nLa consid\u00e9rable finesse des feuilles fait que la couleur de l\u2019assiette utilis\u00e9e modifiera l&rsquo;effet final.<\/p>\n<p style=\"text-align: justify;\">Par cons\u00e9quent, en utilisant une assiette de couleur rouge, il en r\u00e9sulte que la couleur finale est plus chaude, tandis qu&rsquo;en utilisant une couleur jaune, l&rsquo;effet final a un ton plus p\u00e2le.<\/p>\n<p style=\"text-align: justify;\">Une fois la couleur de l\u2019assiette choisie, il sera n\u00e9cessaire d&rsquo;ajouter la colle de poisson de cuisine, dissoute dans l&rsquo;eau et toujours maintenue au chaud.<\/p>\n<p style=\"text-align: justify;\">Le m\u00e9lange donne un fluide facile \u00e0 appliquer avec un pinceau doux.<\/p>\n<p>[\/vc_column_text][\/vc_column_inner][\/vc_row_inner][vc_column_text]<\/p>\n<p style=\"text-align: justify;\">Quelle que soit la couleur finale choisie, on commence par donner une premi\u00e8re couche de colle m\u00e9lang\u00e9e avec un peu d\u2019assiette jaune qui, une fois s\u00e9ch\u00e9e, sera recouverte de deux autres mains d\u2019assiette jaune si vous avez choisi le jaune comme couleur finale. Si, au contraire, c\u2019est le rouge la couleur choisie, aux deux couches de jaune, on rajoutera deux ou trois couches d\u2019assiette rouge, toujours pr\u00e9par\u00e9es de la m\u00eame mani\u00e8re. Noter bien qu&rsquo;avant d&rsquo;appliquer une couche, la pr\u00e9c\u00e9dente doit \u00eatre s\u00e9ch\u00e9e.<\/p>\n<p style=\"text-align: justify;\">Il est utile de filtrer l\u2019assiette avec une gaze finement tiss\u00e9e pour \u00e9liminer compl\u00e8tement les grumeaux ou les inclusions.<\/p>\n<p>[\/vc_column_text][vc_empty_space height=\u00a0\u00bb45px\u00a0\u00bb image_repeat=\u00a0\u00bbno-repeat\u00a0\u00bb][vc_column_text]<\/p>\n<h3><strong>\u00c9tape 3. Dorure<\/strong><\/h3>\n<p>[\/vc_column_text][vc_empty_space height=\u00a0\u00bb12px\u00a0\u00bb image_repeat=\u00a0\u00bbno-repeat\u00a0\u00bb][vc_row_inner row_type=\u00a0\u00bbrow\u00a0\u00bb type=\u00a0\u00bbgrid\u00a0\u00bb use_row_as_full_screen_section_slide=\u00a0\u00bbno\u00a0\u00bb text_align=\u00a0\u00bbleft\u00a0\u00bb css_animation=\u00a0\u00bb\u00a0\u00bb box_shadow_on_row=\u00a0\u00bbno\u00a0\u00bb el_class=\u00a0\u00bbriga-colonna-doppia\u00a0\u00bb][vc_column_inner width=\u00a0\u00bb1\/2&Prime;][vc_column_text]<\/p>\n<p style=\"text-align: justify;\">Une fois que l\u2019assiette a s\u00e9ch\u00e9 correctement, on proc\u00e8de \u00e0 la dorure. Progressivement on va humidifier une zone de l\u2019assiette, l\u00e9g\u00e8rement plus grande que la feuille qui sera pos\u00e9e, et laiss\u00e9e adh\u00e9rer \u00e0 la surface. Si plus de feuilles d&rsquo;or sont n\u00e9cessaires pour recouvrir l&rsquo;objet, il est n\u00e9cessaire de faire un petit chevauchement entre celles-ci.<\/p>\n<p>&nbsp;<\/p>\n<p style=\"text-align: justify;\">\u00c9tant donn\u00e9 la d\u00e9licatesse de la feuille d&rsquo;or et la n\u00e9cessit\u00e9 d&rsquo;un nettoyage complet de la surface, il est essentiel que l&rsquo;environnement soit exempt de poussi\u00e8res dispers\u00e9es et de courants d\u2019air!<\/p>\n<p>[\/vc_column_text][\/vc_column_inner][vc_column_inner width=\u00a0\u00bb1\/2&Prime;][vc_single_image image=\u00a0\u00bb52723&Prime; img_size=\u00a0\u00bbfull\u00a0\u00bb alignment=\u00a0\u00bbright\u00a0\u00bb qode_css_animation=\u00a0\u00bb\u00a0\u00bb el_class=\u00a0\u00bbimage-top-margin\u00a0\u00bb][\/vc_column_inner][\/vc_row_inner][vc_empty_space height=\u00a0\u00bb45px\u00a0\u00bb image_repeat=\u00a0\u00bbno-repeat\u00a0\u00bb][vc_column_text]<\/p>\n<h3><strong>\u00c9tape 4. Brunissage<\/strong><\/h3>\n<p>[\/vc_column_text][vc_empty_space height=\u00a0\u00bb12px\u00a0\u00bb image_repeat=\u00a0\u00bbno-repeat\u00a0\u00bb][vc_row_inner row_type=\u00a0\u00bbrow\u00a0\u00bb type=\u00a0\u00bbgrid\u00a0\u00bb use_row_as_full_screen_section_slide=\u00a0\u00bbno\u00a0\u00bb text_align=\u00a0\u00bbleft\u00a0\u00bb css_animation=\u00a0\u00bb\u00a0\u00bb box_shadow_on_row=\u00a0\u00bbno\u00a0\u00bb el_class=\u00a0\u00bbriga-colonna-doppia\u00a0\u00bb][vc_column_inner width=\u00a0\u00bb1\/2&Prime;][vc_single_image image=\u00a0\u00bb52726&Prime; img_size=\u00a0\u00bbfull\u00a0\u00bb alignment=\u00a0\u00bbright\u00a0\u00bb qode_css_animation=\u00a0\u00bb\u00a0\u00bb el_class=\u00a0\u00bbimage-bottom-margin\u00a0\u00bb][\/vc_column_inner][vc_column_inner width=\u00a0\u00bb1\/2&Prime;][vc_column_text]<\/p>\n<p style=\"text-align: justify;\">Le brunissage, ou polissage, est la derni\u00e8re phase de la dorure et ne peut \u00eatre utilis\u00e9 que pour la dorure \u00e0 la d\u00e9trempe. Cette op\u00e9ration est r\u00e9alis\u00e9e au moyen d&rsquo;instruments sp\u00e9ciaux constitu\u00e9s de pierres d&rsquo;agate de diff\u00e9rentes formes et tailles mont\u00e9es sur des manches en bois.<\/p>\n<p>&nbsp;<\/p>\n<p style=\"text-align: justify;\">Avant de proc\u00e9der au polissage, il est n\u00e9cessaire de nettoyer l&rsquo;objet dor\u00e9 des parties des feuilles qui n&rsquo;ont pas bien adh\u00e9r\u00e9 avec un tampon d\u2019ouate sec pass\u00e9 l\u00e9g\u00e8rement. Une fois cela fait, l&rsquo;agate peut \u00eatre pass\u00e9e sur la surface, en gardant toujours une direction et en prenant soin de passer sur tous les points afin d\u2019homog\u00e9n\u00e9iser l&rsquo;effet final.<\/p>\n<p>[\/vc_column_text][\/vc_column_inner][\/vc_row_inner][\/vc_column][\/vc_row][vc_row row_type=\u00a0\u00bbrow\u00a0\u00bb use_row_as_full_screen_section=\u00a0\u00bbno\u00a0\u00bb type=\u00a0\u00bbgrid\u00a0\u00bb oblique_section=\u00a0\u00bbno\u00a0\u00bb text_align=\u00a0\u00bbleft\u00a0\u00bb padding_top=\u00a0\u00bb60&Prime; padding_bottom=\u00a0\u00bb40&Prime; css_animation=\u00a0\u00bb\u00a0\u00bb box_shadow_on_row=\u00a0\u00bbno\u00a0\u00bb][vc_column][vc_empty_space height=\u00a0\u00bb60px\u00a0\u00bb image_repeat=\u00a0\u00bbno-repeat\u00a0\u00bb][vc_column_text]<\/p>\n<h3 style=\"text-align: center;\"><strong>Produits Lies<\/strong><\/h3>\n<p>[\/vc_column_text][vc_empty_space image_repeat=\u00a0\u00bbno-repeat\u00a0\u00bb][\/vc_column][vc_column el_class=\u00a0\u00bbriga-box-tecniche\u00a0\u00bb][vc_row_inner row_type=\u00a0\u00bbrow\u00a0\u00bb type=\u00a0\u00bbfull_width\u00a0\u00bb use_row_as_full_screen_section_slide=\u00a0\u00bbno\u00a0\u00bb text_align=\u00a0\u00bbleft\u00a0\u00bb css_animation=\u00a0\u00bb\u00a0\u00bb box_shadow_on_row=\u00a0\u00bbno\u00a0\u00bb][vc_column_inner width=\u00a0\u00bb1\/3&Prime;]<div class=\"q_image_with_text_over  image_zoom fade_in \"><div class=\"shader\"  ><\/div><img decoding=\"async\" src=\"https:\/\/www.battiloro.it\/wp-content\/uploads\/2018\/05\/KT-24-ORO-PURO.png\" alt=\"M\u00e9taux en feuilles\" \/><div class=\"front_holder\" ><div class=\"front_holder_inner\" style=\"\"><div class=\"front_holder_bottom\"><div class=\"front_holder_inner2\"><h2 class=\"front_title visible_holder\" style=\"font-size: 20px;\">M\u00e9taux en feuilles<\/h2><span class=\"separator small animate\" style=\"border-width: 2px;\"><\/span> <div class=\"back_holder_new\"><a class=\"qbutton small\" href=\"\/fr\/metaux-precieux\/\" target=\"_self\" style=\"\">DECOUVRE PLUS<\/a><\/div><\/div><\/div><\/div><\/div><\/div>[vc_empty_space image_repeat=\u00a0\u00bbno-repeat\u00a0\u00bb][\/vc_column_inner][vc_column_inner width=\u00a0\u00bb1\/3&Prime;]<div class=\"q_image_with_text_over  image_zoom fade_in \"><div class=\"shader\"  ><\/div><img decoding=\"async\" src=\"https:\/\/www.battiloro.it\/wp-content\/uploads\/BOLO-SELHAMIN.jpg\" alt=\"Assiette Selhamin\" \/><div class=\"front_holder\" ><div class=\"front_holder_inner\" style=\"\"><div class=\"front_holder_bottom\"><div class=\"front_holder_inner2\"><h2 class=\"front_title visible_holder\" style=\"font-size: 20px;\">Assiette Selhamin<\/h2><span class=\"separator small animate\" style=\"border-width: 2px;\"><\/span> <div class=\"back_holder_new\"><a class=\"qbutton small\" href=\"\/fr\/produits-auxiliaires\/assiette-selhamin\/\" target=\"_self\" style=\"\">DECOUVRE PLUS<\/a><\/div><\/div><\/div><\/div><\/div><\/div>[vc_empty_space image_repeat=\u00a0\u00bbno-repeat\u00a0\u00bb][\/vc_column_inner][vc_column_inner width=\u00a0\u00bb1\/3&Prime;]<div class=\"q_image_with_text_over  image_zoom fade_in \"><div class=\"shader\"  ><\/div><img decoding=\"async\" src=\"https:\/\/www.battiloro.it\/wp-content\/uploads\/PENNELLESSA.jpg\" alt=\"Palette \u00e0 dorer\" \/><div class=\"front_holder\" ><div class=\"front_holder_inner\" style=\"\"><div class=\"front_holder_bottom\"><div class=\"front_holder_inner2\"><h2 class=\"front_title visible_holder\" style=\"font-size: 20px;\">Palette \u00e0 dorer<\/h2><span class=\"separator small animate\" style=\"border-width: 2px;\"><\/span> <div class=\"back_holder_new\"><a class=\"qbutton small\" href=\"\/fr\/outils-de-dorure\/palette-a-dorer\/\" target=\"_self\" style=\"\">DECOUVRE PLUS<\/a><\/div><\/div><\/div><\/div><\/div><\/div>[vc_empty_space image_repeat=\u00a0\u00bbno-repeat\u00a0\u00bb][\/vc_column_inner][\/vc_row_inner][\/vc_column][\/vc_row][vc_row row_type=\u00a0\u00bbrow\u00a0\u00bb use_row_as_full_screen_section=\u00a0\u00bbno\u00a0\u00bb type=\u00a0\u00bbgrid\u00a0\u00bb oblique_section=\u00a0\u00bbno\u00a0\u00bb text_align=\u00a0\u00bbleft\u00a0\u00bb padding_bottom=\u00a0\u00bb30&Prime; css_animation=\u00a0\u00bb\u00a0\u00bb box_shadow_on_row=\u00a0\u00bbno\u00a0\u00bb][vc_column el_class=\u00a0\u00bbriga-bottoni-tecniche\u00a0\u00bb][vc_row_inner row_type=\u00a0\u00bbrow\u00a0\u00bb type=\u00a0\u00bbfull_width\u00a0\u00bb use_row_as_full_screen_section_slide=\u00a0\u00bbno\u00a0\u00bb text_align=\u00a0\u00bbleft\u00a0\u00bb css_animation=\u00a0\u00bb\u00a0\u00bb box_shadow_on_row=\u00a0\u00bbno\u00a0\u00bb][vc_column_inner width=\u00a0\u00bb1\/2&Prime;]<a href=\"\/fr\/produits-auxiliaires\/\" target=\"_self\"  class=\"qbutton  big_large_full_width icon_right\" style=\"\">Produits pour la dorure<\/a>[vc_empty_space image_repeat=\u00a0\u00bbno-repeat\u00a0\u00bb][\/vc_column_inner][vc_column_inner width=\u00a0\u00bb1\/2&Prime;]<a href=\"\/fr\/outils-de-dorure\/\" target=\"_self\"  class=\"qbutton  big_large_full_width icon_right\" style=\"\">Outils de Dorure<\/a>[vc_empty_space image_repeat=\u00a0\u00bbno-repeat\u00a0\u00bb][\/vc_column_inner][\/vc_row_inner][vc_empty_space height=\u00a0\u00bb16px\u00a0\u00bb image_repeat=\u00a0\u00bbno-repeat\u00a0\u00bb][\/vc_column][\/vc_row]<\/p>\n","protected":false},"excerpt":{"rendered":"<p>[vc_row row_type=\u00a0\u00bbrow\u00a0\u00bb use_row_as_full_screen_section=\u00a0\u00bbno\u00a0\u00bb type=\u00a0\u00bbgrid\u00a0\u00bb oblique_section=\u00a0\u00bbno\u00a0\u00bb text_align=\u00a0\u00bbleft\u00a0\u00bb padding_top=\u00a0\u00bb60&Prime; padding_bottom=\u00a0\u00bb40&Prime; css_animation=\u00a0\u00bb\u00a0\u00bb box_shadow_on_row=\u00a0\u00bbno\u00a0\u00bb][vc_column][vc_empty_space height=\u00a0\u00bb20px\u00a0\u00bb image_repeat=\u00a0\u00bbno-repeat\u00a0\u00bb][vc_column_text] Dorure \u00e0 la d\u00e9trempe (ou \u00e0 l\u2019eau) [\/vc_column_text][vc_empty_space height=\u00a0\u00bb20px\u00a0\u00bb image_repeat=\u00a0\u00bbno-repeat\u00a0\u00bb][vc_column_text] La dorure \u00e0 la feuille d&rsquo;or est possible de deux mani\u00e8res. La plus ancienne, la plus belle mais aussi la plus longue et la plus complexe est la dorure \u00e0 la d\u00e9trempe (ou \u00e0 l\u2019eau). Cette dorure, gr\u00e2ce \u00e0 la longue pr\u00e9paration de l&rsquo;objet \u00e0 dorer, permet dans la phase finale de faire ressortir l&rsquo;\u00e9clat et la qualit\u00e9 de l&rsquo;or vrai. C&rsquo;est un long processus compos\u00e9 de phases tr\u00e8s sp\u00e9cifiques qui se succ\u00e8dent: \u00e9talement de l\u2019assiette, dorure des feuilles et enfin le brunissage. [\/vc_column_text][vc_empty_space height=\u00a0\u00bb45px\u00a0\u00bb image_repeat=\u00a0\u00bbno-repeat\u00a0\u00bb][vc_column_text] \u00c9tape 1. Etalement du pl\u00e2tre [\/vc_column_text][vc_empty_space height=\u00a0\u00bb12px\u00a0\u00bb image_repeat=\u00a0\u00bbno-repeat\u00a0\u00bb][vc_row_inner row_type=\u00a0\u00bbrow\u00a0\u00bb type=\u00a0\u00bbgrid\u00a0\u00bb use_row_as_full_screen_section_slide=\u00a0\u00bbno\u00a0\u00bb text_align=\u00a0\u00bbleft\u00a0\u00bb css_animation=\u00a0\u00bb\u00a0\u00bb box_shadow_on_row=\u00a0\u00bbno\u00a0\u00bb el_id=\u00a0\u00bbammannitura\u00a0\u00bb][vc_column_inner][vc_column_text] L\u2019\u00e9talement du pl\u00e2tre est la premi\u00e8re phase&#8230;<\/p>\n","protected":false},"author":1,"featured_media":0,"parent":0,"menu_order":0,"comment_status":"closed","ping_status":"closed","template":"","meta":{"footnotes":""},"class_list":["post-53988","page","type-page","status-publish","hentry"],"_links":{"self":[{"href":"https:\/\/www.battiloro.it\/fr\/wp-json\/wp\/v2\/pages\/53988","targetHints":{"allow":["GET"]}}],"collection":[{"href":"https:\/\/www.battiloro.it\/fr\/wp-json\/wp\/v2\/pages"}],"about":[{"href":"https:\/\/www.battiloro.it\/fr\/wp-json\/wp\/v2\/types\/page"}],"author":[{"embeddable":true,"href":"https:\/\/www.battiloro.it\/fr\/wp-json\/wp\/v2\/users\/1"}],"replies":[{"embeddable":true,"href":"https:\/\/www.battiloro.it\/fr\/wp-json\/wp\/v2\/comments?post=53988"}],"version-history":[{"count":4,"href":"https:\/\/www.battiloro.it\/fr\/wp-json\/wp\/v2\/pages\/53988\/revisions"}],"predecessor-version":[{"id":54087,"href":"https:\/\/www.battiloro.it\/fr\/wp-json\/wp\/v2\/pages\/53988\/revisions\/54087"}],"wp:attachment":[{"href":"https:\/\/www.battiloro.it\/fr\/wp-json\/wp\/v2\/media?parent=53988"}],"curies":[{"name":"wp","href":"https:\/\/api.w.org\/{rel}","templated":true}]}}