{"id":53975,"date":"2020-08-07T17:28:23","date_gmt":"2020-08-07T16:28:23","guid":{"rendered":"https:\/\/www.battiloro.it\/imitation-or-ou-similor-aluminium-cuivre\/poudres-de-metaux\/"},"modified":"2020-08-07T21:21:31","modified_gmt":"2020-08-07T20:21:31","slug":"poudres-de-metaux","status":"publish","type":"page","link":"https:\/\/www.battiloro.it\/fr\/imitation-or-ou-similor-aluminium-cuivre\/poudres-de-metaux\/","title":{"rendered":"Poudres de m\u00e9taux"},"content":{"rendered":"<p>[vc_row row_type=\u00a0\u00bbrow\u00a0\u00bb use_row_as_full_screen_section=\u00a0\u00bbno\u00a0\u00bb type=\u00a0\u00bbgrid\u00a0\u00bb oblique_section=\u00a0\u00bbno\u00a0\u00bb text_align=\u00a0\u00bbleft\u00a0\u00bb css_animation=\u00a0\u00bb\u00a0\u00bb box_shadow_on_row=\u00a0\u00bbno\u00a0\u00bb][vc_column][vc_empty_space height=\u00a0\u00bb20px\u00a0\u00bb image_repeat=\u00a0\u00bbno-repeat\u00a0\u00bb][vc_column_text]<\/p>\n<h1 style=\"text-align: left;\">Poudres de M\u00e9taux<\/h1>\n<p>[\/vc_column_text][vc_empty_space height=\u00a0\u00bb20px\u00a0\u00bb image_repeat=\u00a0\u00bbno-repeat\u00a0\u00bb][vc_column_text]<\/p>\n<p style=\"text-align: left;\">Ce sont des poudres m\u00e9talliques qui peuvent \u00eatre utilis\u00e9es en dorure \u00e0 la poudre, pour de petites retouches ou pour r\u00e9aliser des vernis de dorure.<\/p>\n<p style=\"text-align: left;\">Toutes nos poudres peuvent \u00e9galement \u00eatre demand\u00e9es sous forme de vernis pr\u00eat \u00e0 l&#8217;emploi.<\/p>\n<p style=\"text-align: left;\"><strong>EMBALLAGE: 0,5 \u2013 1 &#8211; 5 \u2013 25 Kg<\/strong><\/p>\n<p>[\/vc_column_text][vc_empty_space height=\u00a0\u00bb45px\u00a0\u00bb image_repeat=\u00a0\u00bbno-repeat\u00a0\u00bb][\/vc_column][vc_column width=\u00a0\u00bb1\/4&Prime;][vc_single_image image=\u00a0\u00bb52900&Prime; img_size=\u00a0\u00bbfull\u00a0\u00bb alignment=\u00a0\u00bbcenter\u00a0\u00bb qode_css_animation=\u00a0\u00bb\u00a0\u00bb][vc_empty_space height=\u00a0\u00bb20px\u00a0\u00bb image_repeat=\u00a0\u00bbno-repeat\u00a0\u00bb][vc_column_text el_class=\u00a0\u00bbtesto-porpora\u00a0\u00bb]<\/p>\n<p style=\"font-family: Lora, sans-serif; font-size: 16px; line-height: 36px; letter-spacing: 0px; font-weight: 500; font-style: italic; text-transform: uppercase; color: #2f2e2e; text-align: center;\">POUDRE ALUMINIUM<\/p>\n<p>[\/vc_column_text][vc_empty_space height=\u00a0\u00bb45px\u00a0\u00bb image_repeat=\u00a0\u00bbno-repeat\u00a0\u00bb][\/vc_column][vc_column width=\u00a0\u00bb1\/4&Prime;][vc_single_image image=\u00a0\u00bb52876&Prime; img_size=\u00a0\u00bbfull\u00a0\u00bb alignment=\u00a0\u00bbcenter\u00a0\u00bb qode_css_animation=\u00a0\u00bb\u00a0\u00bb][vc_empty_space height=\u00a0\u00bb20px\u00a0\u00bb image_repeat=\u00a0\u00bbno-repeat\u00a0\u00bb][vc_column_text el_class=\u00a0\u00bbtesto-porpora\u00a0\u00bb]<\/p>\n<p style=\"font-family: Lora, sans-serif; font-size: 16px; line-height: 36px; letter-spacing: 0px; font-weight: 500; font-style: italic; text-transform: uppercase; color: #2f2e2e; text-align: center;\">POUDRE COULEUR 2<\/p>\n<p>[\/vc_column_text][vc_empty_space height=\u00a0\u00bb45px\u00a0\u00bb image_repeat=\u00a0\u00bbno-repeat\u00a0\u00bb][\/vc_column][vc_column width=\u00a0\u00bb1\/4&Prime;][vc_single_image image=\u00a0\u00bb52879&Prime; img_size=\u00a0\u00bbfull\u00a0\u00bb alignment=\u00a0\u00bbcenter\u00a0\u00bb qode_css_animation=\u00a0\u00bb\u00a0\u00bb][vc_empty_space height=\u00a0\u00bb20px\u00a0\u00bb image_repeat=\u00a0\u00bbno-repeat\u00a0\u00bb][vc_column_text el_class=\u00a0\u00bbtesto-porpora\u00a0\u00bb]<\/p>\n<p style=\"font-family: Lora, sans-serif; font-size: 16px; line-height: 36px; letter-spacing: 0px; font-weight: 500; font-style: italic; text-transform: uppercase; color: #2f2e2e; text-align: center;\">POUDRE DUCAT<\/p>\n<p>[\/vc_column_text][vc_empty_space height=\u00a0\u00bb45px\u00a0\u00bb image_repeat=\u00a0\u00bbno-repeat\u00a0\u00bb][\/vc_column][vc_column width=\u00a0\u00bb1\/4&Prime;][vc_single_image image=\u00a0\u00bb52882&Prime; img_size=\u00a0\u00bbfull\u00a0\u00bb alignment=\u00a0\u00bbcenter\u00a0\u00bb qode_css_animation=\u00a0\u00bb\u00a0\u00bb][vc_empty_space height=\u00a0\u00bb20px\u00a0\u00bb image_repeat=\u00a0\u00bbno-repeat\u00a0\u00bb][vc_column_text el_class=\u00a0\u00bbtesto-porpora\u00a0\u00bb]<\/p>\n<p style=\"font-family: Lora, sans-serif; font-size: 16px; line-height: 36px; letter-spacing: 0px; font-weight: 500; font-style: italic; text-transform: uppercase; color: #2f2e2e; text-align: center;\">POUDRE PALE<\/p>\n<p>[\/vc_column_text][vc_empty_space height=\u00a0\u00bb45px\u00a0\u00bb image_repeat=\u00a0\u00bbno-repeat\u00a0\u00bb][\/vc_column][vc_column width=\u00a0\u00bb1\/4&Prime;][vc_single_image image=\u00a0\u00bb52894&Prime; img_size=\u00a0\u00bbfull\u00a0\u00bb alignment=\u00a0\u00bbcenter\u00a0\u00bb qode_css_animation=\u00a0\u00bb\u00a0\u00bb][vc_empty_space height=\u00a0\u00bb20px\u00a0\u00bb image_repeat=\u00a0\u00bbno-repeat\u00a0\u00bb][vc_column_text el_class=\u00a0\u00bbtesto-porpora\u00a0\u00bb]<\/p>\n<p style=\"font-family: Lora, sans-serif; font-size: 16px; line-height: 36px; letter-spacing: 0px; font-weight: 500; font-style: italic; text-transform: uppercase; color: #2f2e2e; text-align: center;\">POUDRE RICHE PALE<\/p>\n<p>[\/vc_column_text][vc_empty_space height=\u00a0\u00bb45px\u00a0\u00bb image_repeat=\u00a0\u00bbno-repeat\u00a0\u00bb][\/vc_column][vc_column width=\u00a0\u00bb1\/4&Prime;][vc_single_image image=\u00a0\u00bb52888&Prime; img_size=\u00a0\u00bbfull\u00a0\u00bb alignment=\u00a0\u00bbcenter\u00a0\u00bb qode_css_animation=\u00a0\u00bb\u00a0\u00bb][vc_empty_space height=\u00a0\u00bb20px\u00a0\u00bb image_repeat=\u00a0\u00bbno-repeat\u00a0\u00bb][vc_column_text el_class=\u00a0\u00bbtesto-porpora\u00a0\u00bb]<\/p>\n<p style=\"font-family: Lora, sans-serif; font-size: 16px; line-height: 36px; letter-spacing: 0px; font-weight: 500; font-style: italic; text-transform: uppercase; color: #2f2e2e; text-align: center;\">POUDRE CUIVRE<\/p>\n<p>[\/vc_column_text][vc_empty_space height=\u00a0\u00bb45px\u00a0\u00bb image_repeat=\u00a0\u00bbno-repeat\u00a0\u00bb][\/vc_column][vc_column width=\u00a0\u00bb1\/4&Prime;][vc_single_image image=\u00a0\u00bb52891&Prime; img_size=\u00a0\u00bbfull\u00a0\u00bb alignment=\u00a0\u00bbcenter\u00a0\u00bb qode_css_animation=\u00a0\u00bb\u00a0\u00bb][vc_empty_space height=\u00a0\u00bb20px\u00a0\u00bb image_repeat=\u00a0\u00bbno-repeat\u00a0\u00bb][vc_column_text el_class=\u00a0\u00bbtesto-porpora\u00a0\u00bb]<\/p>\n<p style=\"font-family: Lora, sans-serif; font-size: 16px; line-height: 36px; letter-spacing: 0px; font-weight: 500; font-style: italic; text-transform: uppercase; color: #2f2e2e; text-align: center;\">POUDRE RICHE<\/p>\n<p>[\/vc_column_text][vc_empty_space height=\u00a0\u00bb45px\u00a0\u00bb image_repeat=\u00a0\u00bbno-repeat\u00a0\u00bb][\/vc_column][vc_column width=\u00a0\u00bb1\/4&Prime;][vc_single_image image=\u00a0\u00bb52885&Prime; img_size=\u00a0\u00bbfull\u00a0\u00bb alignment=\u00a0\u00bbcenter\u00a0\u00bb qode_css_animation=\u00a0\u00bb\u00a0\u00bb][vc_empty_space height=\u00a0\u00bb20px\u00a0\u00bb image_repeat=\u00a0\u00bbno-repeat\u00a0\u00bb][vc_column_text el_class=\u00a0\u00bbtesto-porpora\u00a0\u00bb]<\/p>\n<p style=\"font-family: Lora, sans-serif; font-size: 16px; line-height: 36px; letter-spacing: 0px; font-weight: 500; font-style: italic; text-transform: uppercase; color: #2f2e2e; text-align: center;\">POUDRE PALE CLAIR<\/p>\n<p>[\/vc_column_text][vc_empty_space height=\u00a0\u00bb45px\u00a0\u00bb image_repeat=\u00a0\u00bbno-repeat\u00a0\u00bb][\/vc_column][vc_column width=\u00a0\u00bb1\/4&Prime;][vc_single_image image=\u00a0\u00bb52897&Prime; img_size=\u00a0\u00bbfull\u00a0\u00bb alignment=\u00a0\u00bbcenter\u00a0\u00bb qode_css_animation=\u00a0\u00bb\u00a0\u00bb][vc_empty_space height=\u00a0\u00bb20px\u00a0\u00bb image_repeat=\u00a0\u00bbno-repeat\u00a0\u00bb][vc_column_text el_class=\u00a0\u00bbtesto-porpora\u00a0\u00bb]<\/p>\n<p style=\"font-family: Lora, sans-serif; font-size: 16px; line-height: 36px; letter-spacing: 0px; font-weight: 500; font-style: italic; text-transform: uppercase; color: #2f2e2e; text-align: center;\">POUDRE ZECCHINO<\/p>\n<p>[\/vc_column_text][vc_empty_space height=\u00a0\u00bb45px\u00a0\u00bb image_repeat=\u00a0\u00bbno-repeat\u00a0\u00bb][\/vc_column][\/vc_row]<\/p>\n","protected":false},"excerpt":{"rendered":"<p>[vc_row row_type=\u00a0\u00bbrow\u00a0\u00bb use_row_as_full_screen_section=\u00a0\u00bbno\u00a0\u00bb type=\u00a0\u00bbgrid\u00a0\u00bb oblique_section=\u00a0\u00bbno\u00a0\u00bb text_align=\u00a0\u00bbleft\u00a0\u00bb css_animation=\u00a0\u00bb\u00a0\u00bb box_shadow_on_row=\u00a0\u00bbno\u00a0\u00bb][vc_column][vc_empty_space height=\u00a0\u00bb20px\u00a0\u00bb image_repeat=\u00a0\u00bbno-repeat\u00a0\u00bb][vc_column_text] Poudres de M\u00e9taux [\/vc_column_text][vc_empty_space height=\u00a0\u00bb20px\u00a0\u00bb image_repeat=\u00a0\u00bbno-repeat\u00a0\u00bb][vc_column_text] Ce sont des poudres m\u00e9talliques qui peuvent \u00eatre utilis\u00e9es en dorure \u00e0 la poudre, pour de petites retouches ou pour r\u00e9aliser des vernis de dorure. Toutes nos poudres peuvent \u00e9galement \u00eatre demand\u00e9es sous forme de vernis pr\u00eat \u00e0 l&#8217;emploi. EMBALLAGE: 0,5 \u2013 1 &#8211; 5 \u2013 25 Kg [\/vc_column_text][vc_empty_space height=\u00a0\u00bb45px\u00a0\u00bb image_repeat=\u00a0\u00bbno-repeat\u00a0\u00bb][\/vc_column][vc_column width=\u00a0\u00bb1\/4&Prime;][vc_single_image image=\u00a0\u00bb52900&Prime; img_size=\u00a0\u00bbfull\u00a0\u00bb alignment=\u00a0\u00bbcenter\u00a0\u00bb qode_css_animation=\u00a0\u00bb\u00a0\u00bb][vc_empty_space height=\u00a0\u00bb20px\u00a0\u00bb image_repeat=\u00a0\u00bbno-repeat\u00a0\u00bb][vc_column_text el_class=\u00a0\u00bbtesto-porpora\u00a0\u00bb] POUDRE ALUMINIUM [\/vc_column_text][vc_empty_space height=\u00a0\u00bb45px\u00a0\u00bb image_repeat=\u00a0\u00bbno-repeat\u00a0\u00bb][\/vc_column][vc_column width=\u00a0\u00bb1\/4&Prime;][vc_single_image image=\u00a0\u00bb52876&Prime; img_size=\u00a0\u00bbfull\u00a0\u00bb alignment=\u00a0\u00bbcenter\u00a0\u00bb qode_css_animation=\u00a0\u00bb\u00a0\u00bb][vc_empty_space height=\u00a0\u00bb20px\u00a0\u00bb image_repeat=\u00a0\u00bbno-repeat\u00a0\u00bb][vc_column_text el_class=\u00a0\u00bbtesto-porpora\u00a0\u00bb] POUDRE COULEUR 2 [\/vc_column_text][vc_empty_space height=\u00a0\u00bb45px\u00a0\u00bb image_repeat=\u00a0\u00bbno-repeat\u00a0\u00bb][\/vc_column][vc_column width=\u00a0\u00bb1\/4&Prime;][vc_single_image image=\u00a0\u00bb52879&Prime; img_size=\u00a0\u00bbfull\u00a0\u00bb alignment=\u00a0\u00bbcenter\u00a0\u00bb qode_css_animation=\u00a0\u00bb\u00a0\u00bb][vc_empty_space height=\u00a0\u00bb20px\u00a0\u00bb image_repeat=\u00a0\u00bbno-repeat\u00a0\u00bb][vc_column_text el_class=\u00a0\u00bbtesto-porpora\u00a0\u00bb] POUDRE DUCAT [\/vc_column_text][vc_empty_space height=\u00a0\u00bb45px\u00a0\u00bb image_repeat=\u00a0\u00bbno-repeat\u00a0\u00bb][\/vc_column][vc_column width=\u00a0\u00bb1\/4&Prime;][vc_single_image image=\u00a0\u00bb52882&Prime; img_size=\u00a0\u00bbfull\u00a0\u00bb alignment=\u00a0\u00bbcenter\u00a0\u00bb qode_css_animation=\u00a0\u00bb\u00a0\u00bb][vc_empty_space height=\u00a0\u00bb20px\u00a0\u00bb image_repeat=\u00a0\u00bbno-repeat\u00a0\u00bb][vc_column_text el_class=\u00a0\u00bbtesto-porpora\u00a0\u00bb] POUDRE PALE [\/vc_column_text][vc_empty_space height=\u00a0\u00bb45px\u00a0\u00bb image_repeat=\u00a0\u00bbno-repeat\u00a0\u00bb][\/vc_column][vc_column width=\u00a0\u00bb1\/4&Prime;][vc_single_image image=\u00a0\u00bb52894&Prime; img_size=\u00a0\u00bbfull\u00a0\u00bb alignment=\u00a0\u00bbcenter\u00a0\u00bb qode_css_animation=\u00a0\u00bb\u00a0\u00bb][vc_empty_space height=\u00a0\u00bb20px\u00a0\u00bb image_repeat=\u00a0\u00bbno-repeat\u00a0\u00bb][vc_column_text el_class=\u00a0\u00bbtesto-porpora\u00a0\u00bb] POUDRE RICHE&#8230;<\/p>\n","protected":false},"author":1,"featured_media":0,"parent":53963,"menu_order":0,"comment_status":"closed","ping_status":"closed","template":"","meta":{"footnotes":""},"class_list":["post-53975","page","type-page","status-publish","hentry"],"_links":{"self":[{"href":"https:\/\/www.battiloro.it\/fr\/wp-json\/wp\/v2\/pages\/53975","targetHints":{"allow":["GET"]}}],"collection":[{"href":"https:\/\/www.battiloro.it\/fr\/wp-json\/wp\/v2\/pages"}],"about":[{"href":"https:\/\/www.battiloro.it\/fr\/wp-json\/wp\/v2\/types\/page"}],"author":[{"embeddable":true,"href":"https:\/\/www.battiloro.it\/fr\/wp-json\/wp\/v2\/users\/1"}],"replies":[{"embeddable":true,"href":"https:\/\/www.battiloro.it\/fr\/wp-json\/wp\/v2\/comments?post=53975"}],"version-history":[{"count":3,"href":"https:\/\/www.battiloro.it\/fr\/wp-json\/wp\/v2\/pages\/53975\/revisions"}],"predecessor-version":[{"id":53978,"href":"https:\/\/www.battiloro.it\/fr\/wp-json\/wp\/v2\/pages\/53975\/revisions\/53978"}],"up":[{"embeddable":true,"href":"https:\/\/www.battiloro.it\/fr\/wp-json\/wp\/v2\/pages\/53963"}],"wp:attachment":[{"href":"https:\/\/www.battiloro.it\/fr\/wp-json\/wp\/v2\/media?parent=53975"}],"curies":[{"name":"wp","href":"https:\/\/api.w.org\/{rel}","templated":true}]}}