{"id":53963,"date":"2020-08-07T17:10:56","date_gmt":"2020-08-07T16:10:56","guid":{"rendered":"https:\/\/www.battiloro.it\/imitation-or-ou-similor-aluminium-cuivre\/"},"modified":"2020-08-07T21:17:41","modified_gmt":"2020-08-07T20:17:41","slug":"imitation-or-ou-similor-aluminium-cuivre","status":"publish","type":"page","link":"https:\/\/www.battiloro.it\/fr\/imitation-or-ou-similor-aluminium-cuivre\/","title":{"rendered":"Imitation or (ou Similor) \u2013 Aluminium &#8211; Cuivre"},"content":{"rendered":"<p>[vc_row row_type=\u00a0\u00bbrow\u00a0\u00bb use_row_as_full_screen_section=\u00a0\u00bbno\u00a0\u00bb type=\u00a0\u00bbgrid\u00a0\u00bb oblique_section=\u00a0\u00bbno\u00a0\u00bb text_align=\u00a0\u00bbleft\u00a0\u00bb css_animation=\u00a0\u00bb\u00a0\u00bb box_shadow_on_row=\u00a0\u00bbno\u00a0\u00bb][vc_column][vc_empty_space height=\u00a0\u00bb20px\u00a0\u00bb image_repeat=\u00a0\u00bbno-repeat\u00a0\u00bb][vc_column_text]<\/p>\n<h1 style=\"text-align: left;\">Imitation or \u2013 Aluminium &#8211; Cuivre<\/h1>\n<p>[\/vc_column_text][vc_empty_space height=\u00a0\u00bb20px\u00a0\u00bb image_repeat=\u00a0\u00bbno-repeat\u00a0\u00bb][vc_column_text]<\/p>\n<p style=\"text-align: left;\">Cette section pr\u00e9sente des produits en laiton (imitation d&rsquo;or), en aluminium (imitation d&rsquo;argent) et en cuivre.<br \/>\nCes produits sont largement utilis\u00e9s dans le secteur des meubles et des cadres, ainsi que dans le secteur des loisirs. Ces solutions permettent d&rsquo;obtenir une excellente dorure  limitant consid\u00e9rablement les co\u00fbts de r\u00e9alisation.<br \/>\nLe laiton et le cuivre \u00e9tant des \u00e9l\u00e9ments hautement oxydables, une protection ad\u00e9quate est recommand\u00e9e, tant au stockage qu\u2019en cours d\u2019\u0153uvre.<\/p>\n<p>[\/vc_column_text][vc_empty_space height=\u00a0\u00bb45px\u00a0\u00bb image_repeat=\u00a0\u00bbno-repeat\u00a0\u00bb][\/vc_column][vc_column width=\u00a0\u00bb1\/4&Prime;]<div class=\"q_image_with_text_over  button_replace_text \"><div class=\"shader\" style=\"background-color:rgba(255,255,255,0.01);\" data-hover-background-color=rgba(255,255,255,0.82) ><\/div><img decoding=\"async\" src=\"https:\/\/www.battiloro.it\/wp-content\/uploads\/FIOCCO-1.jpg\" alt=\"\" \/><div class=\"front_holder\" ><div class=\"front_holder_inner\" style=\"border:none;\"><div class=\"front_holder_bottom\"><div class=\"front_holder_inner2\"> <div class=\"back_holder_new\"><a class=\"qbutton small\" href=\"\/fr\/imitation-or-ou-similor-aluminium-cuivre\/shabin\/\" target=\"_self\" style=\"\">POUR EN SAVOIR PLUS<\/a><\/div><\/div><\/div><\/div><\/div><\/div>[vc_empty_space height=\u00a0\u00bb20px\u00a0\u00bb image_repeat=\u00a0\u00bbno-repeat\u00a0\u00bb][vc_column_text]<\/p>\n<p style=\"text-align: center;\"><a href=\"\/fr\/imitation-or-ou-similor-aluminium-cuivre\/shabin\/\"><span class=\"product-title\">SHABIN<\/span><\/a><\/p>\n<p>[\/vc_column_text][vc_empty_space height=\u00a0\u00bb63px\u00a0\u00bb image_repeat=\u00a0\u00bbno-repeat\u00a0\u00bb][\/vc_column][vc_column width=\u00a0\u00bb1\/4&Prime;]<div class=\"q_image_with_text_over  button_replace_text \"><div class=\"shader\" style=\"background-color:rgba(255,255,255,0.01);\" data-hover-background-color=rgba(255,255,255,0.82) ><\/div><img decoding=\"async\" src=\"https:\/\/www.battiloro.it\/wp-content\/uploads\/FOGLI16.jpg\" alt=\"\" \/><div class=\"front_holder\" ><div class=\"front_holder_inner\" style=\"border:none;\"><div class=\"front_holder_bottom\"><div class=\"front_holder_inner2\"> <div class=\"back_holder_new\"><a class=\"qbutton small\" href=\"\/fr\/imitation-or-ou-similor-aluminium-cuivre\/feuilles-16x16\/\" target=\"_self\" style=\"\">POUR EN SAVOIR PLUS<\/a><\/div><\/div><\/div><\/div><\/div><\/div>[vc_empty_space height=\u00a0\u00bb20px\u00a0\u00bb image_repeat=\u00a0\u00bbno-repeat\u00a0\u00bb][vc_column_text]<\/p>\n<p style=\"text-align: center;\"><a href=\"\/fr\/imitation-or-ou-similor-aluminium-cuivre\/feuilles-16x16\/\"><span class=\"product-title\">FEUILLES 16&#215;16<\/span><\/a><\/p>\n<p>[\/vc_column_text][vc_empty_space height=\u00a0\u00bb63px\u00a0\u00bb image_repeat=\u00a0\u00bbno-repeat\u00a0\u00bb][\/vc_column][vc_column width=\u00a0\u00bb1\/4&Prime;]<div class=\"q_image_with_text_over  button_replace_text \"><div class=\"shader\" style=\"background-color:rgba(255,255,255,0.01);\" data-hover-background-color=rgba(255,255,255,0.82) ><\/div><img decoding=\"async\" src=\"https:\/\/www.battiloro.it\/wp-content\/uploads\/LIBRETTI-14.jpg\" alt=\"\" \/><div class=\"front_holder\" ><div class=\"front_holder_inner\" style=\"border:none;\"><div class=\"front_holder_bottom\"><div class=\"front_holder_inner2\"> <div class=\"back_holder_new\"><a class=\"qbutton small\" href=\"\/fr\/imitation-or-ou-similor-aluminium-cuivre\/livrets-14x14\/\" target=\"_self\" style=\"\">POUR EN SAVOIR PLUS<\/a><\/div><\/div><\/div><\/div><\/div><\/div>[vc_empty_space height=\u00a0\u00bb20px\u00a0\u00bb image_repeat=\u00a0\u00bbno-repeat\u00a0\u00bb][vc_column_text]<\/p>\n<p style=\"text-align: center;\"><a href=\"\/fr\/imitation-or-ou-similor-aluminium-cuivre\/livrets-14x14\/\"><span class=\"product-title\">LIVRETS 14&#215;14<\/span><\/a><\/p>\n<p>[\/vc_column_text][vc_empty_space height=\u00a0\u00bb63px\u00a0\u00bb image_repeat=\u00a0\u00bbno-repeat\u00a0\u00bb][\/vc_column][vc_column width=\u00a0\u00bb1\/4&Prime;]<div class=\"q_image_with_text_over  button_replace_text \"><div class=\"shader\" style=\"background-color:rgba(255,255,255,0.01);\" data-hover-background-color=rgba(255,255,255,0.82) ><\/div><img decoding=\"async\" src=\"https:\/\/www.battiloro.it\/wp-content\/uploads\/PORPORINA-RAME.jpg\" alt=\"\" \/><div class=\"front_holder\" ><div class=\"front_holder_inner\" style=\"border:none;\"><div class=\"front_holder_bottom\"><div class=\"front_holder_inner2\"> <div class=\"back_holder_new\"><a class=\"qbutton small\" href=\"\/fr\/imitation-or-ou-similor-aluminium-cuivre\/poudres-de-metaux\/\" target=\"_self\" style=\"\">POUR EN SAVOIR PLUS<\/a><\/div><\/div><\/div><\/div><\/div><\/div>[vc_empty_space height=\u00a0\u00bb20px\u00a0\u00bb image_repeat=\u00a0\u00bbno-repeat\u00a0\u00bb][vc_column_text]<\/p>\n<p style=\"text-align: center;\"><a href=\"\/fr\/imitation-or-ou-similor-aluminium-cuivre\/poudres-de-metaux\/\"><span class=\"product-title\">POUDRES DE M\u00c9TAUX<\/span><\/a><\/p>\n<p>[\/vc_column_text][vc_empty_space height=\u00a0\u00bb63px\u00a0\u00bb image_repeat=\u00a0\u00bbno-repeat\u00a0\u00bb][\/vc_column][vc_column width=\u00a0\u00bb1\/4&Prime;]<div class=\"q_image_with_text_over  button_replace_text \"><div class=\"shader\" style=\"background-color:rgba(255,255,255,0.01);\" data-hover-background-color=rgba(255,255,255,0.82) ><\/div><img decoding=\"async\" src=\"https:\/\/www.battiloro.it\/wp-content\/uploads\/SIMILORO-ROTOLO.jpg\" alt=\"\" \/><div class=\"front_holder\" ><div class=\"front_holder_inner\" style=\"border:none;\"><div class=\"front_holder_bottom\"><div class=\"front_holder_inner2\"> <div class=\"back_holder_new\"><a class=\"qbutton small\" href=\"\/fr\/imitation-or-ou-similor-aluminium-cuivre\/rouleaux\/\" target=\"_self\" style=\"\">POUR EN SAVOIR PLUS<\/a><\/div><\/div><\/div><\/div><\/div><\/div>[vc_empty_space height=\u00a0\u00bb20px\u00a0\u00bb image_repeat=\u00a0\u00bbno-repeat\u00a0\u00bb][vc_column_text]<\/p>\n<p style=\"text-align: center;\"><a href=\"\/fr\/imitation-or-ou-similor-aluminium-cuivre\/rouleaux\/\"><span class=\"product-title\">ROULEAUX<\/span><\/a><\/p>\n<p>[\/vc_column_text][vc_empty_space height=\u00a0\u00bb63px\u00a0\u00bb image_repeat=\u00a0\u00bbno-repeat\u00a0\u00bb][\/vc_column][\/vc_row][vc_row row_type=\u00a0\u00bbrow\u00a0\u00bb use_row_as_full_screen_section=\u00a0\u00bbno\u00a0\u00bb type=\u00a0\u00bbfull_width\u00a0\u00bb oblique_section=\u00a0\u00bbno\u00a0\u00bb text_align=\u00a0\u00bbleft\u00a0\u00bb css_animation=\u00a0\u00bb\u00a0\u00bb box_shadow_on_row=\u00a0\u00bbno\u00a0\u00bb][vc_column][vc_empty_space height=\u00a0\u00bb15px\u00a0\u00bb image_repeat=\u00a0\u00bbno-repeat\u00a0\u00bb][\/vc_column][\/vc_row]<\/p>\n","protected":false},"excerpt":{"rendered":"<p>[vc_row row_type=\u00a0\u00bbrow\u00a0\u00bb use_row_as_full_screen_section=\u00a0\u00bbno\u00a0\u00bb type=\u00a0\u00bbgrid\u00a0\u00bb oblique_section=\u00a0\u00bbno\u00a0\u00bb text_align=\u00a0\u00bbleft\u00a0\u00bb css_animation=\u00a0\u00bb\u00a0\u00bb box_shadow_on_row=\u00a0\u00bbno\u00a0\u00bb][vc_column][vc_empty_space height=\u00a0\u00bb20px\u00a0\u00bb image_repeat=\u00a0\u00bbno-repeat\u00a0\u00bb][vc_column_text] Imitation or \u2013 Aluminium &#8211; Cuivre [\/vc_column_text][vc_empty_space height=\u00a0\u00bb20px\u00a0\u00bb image_repeat=\u00a0\u00bbno-repeat\u00a0\u00bb][vc_column_text] Cette section pr\u00e9sente des produits en laiton (imitation d&rsquo;or), en aluminium (imitation d&rsquo;argent) et en cuivre. Ces produits sont largement utilis\u00e9s dans le secteur des meubles et des cadres, ainsi que dans le secteur des loisirs. Ces solutions permettent d&rsquo;obtenir une excellente dorure limitant consid\u00e9rablement les co\u00fbts de r\u00e9alisation. Le laiton et le cuivre \u00e9tant des \u00e9l\u00e9ments hautement oxydables, une protection ad\u00e9quate est recommand\u00e9e, tant au stockage qu\u2019en cours d\u2019\u0153uvre. [\/vc_column_text][vc_empty_space height=\u00a0\u00bb45px\u00a0\u00bb image_repeat=\u00a0\u00bbno-repeat\u00a0\u00bb][\/vc_column][vc_column width=\u00a0\u00bb1\/4&Prime;][vc_empty_space height=\u00a0\u00bb20px\u00a0\u00bb image_repeat=\u00a0\u00bbno-repeat\u00a0\u00bb][vc_column_text] SHABIN [\/vc_column_text][vc_empty_space height=\u00a0\u00bb63px\u00a0\u00bb image_repeat=\u00a0\u00bbno-repeat\u00a0\u00bb][\/vc_column][vc_column width=\u00a0\u00bb1\/4&Prime;][vc_empty_space height=\u00a0\u00bb20px\u00a0\u00bb image_repeat=\u00a0\u00bbno-repeat\u00a0\u00bb][vc_column_text] FEUILLES 16&#215;16 [\/vc_column_text][vc_empty_space height=\u00a0\u00bb63px\u00a0\u00bb image_repeat=\u00a0\u00bbno-repeat\u00a0\u00bb][\/vc_column][vc_column width=\u00a0\u00bb1\/4&Prime;][vc_empty_space height=\u00a0\u00bb20px\u00a0\u00bb image_repeat=\u00a0\u00bbno-repeat\u00a0\u00bb][vc_column_text] LIVRETS 14&#215;14 [\/vc_column_text][vc_empty_space height=\u00a0\u00bb63px\u00a0\u00bb image_repeat=\u00a0\u00bbno-repeat\u00a0\u00bb][\/vc_column][vc_column width=\u00a0\u00bb1\/4&Prime;][vc_empty_space height=\u00a0\u00bb20px\u00a0\u00bb image_repeat=\u00a0\u00bbno-repeat\u00a0\u00bb][vc_column_text] POUDRES DE M\u00c9TAUX [\/vc_column_text][vc_empty_space height=\u00a0\u00bb63px\u00a0\u00bb image_repeat=\u00a0\u00bbno-repeat\u00a0\u00bb][\/vc_column][vc_column width=\u00a0\u00bb1\/4&Prime;][vc_empty_space height=\u00a0\u00bb20px\u00a0\u00bb image_repeat=\u00a0\u00bbno-repeat\u00a0\u00bb][vc_column_text] ROULEAUX [\/vc_column_text][vc_empty_space height=\u00a0\u00bb63px\u00a0\u00bb&#8230;<\/p>\n","protected":false},"author":1,"featured_media":0,"parent":0,"menu_order":0,"comment_status":"closed","ping_status":"closed","template":"","meta":{"footnotes":""},"class_list":["post-53963","page","type-page","status-publish","hentry"],"_links":{"self":[{"href":"https:\/\/www.battiloro.it\/fr\/wp-json\/wp\/v2\/pages\/53963","targetHints":{"allow":["GET"]}}],"collection":[{"href":"https:\/\/www.battiloro.it\/fr\/wp-json\/wp\/v2\/pages"}],"about":[{"href":"https:\/\/www.battiloro.it\/fr\/wp-json\/wp\/v2\/types\/page"}],"author":[{"embeddable":true,"href":"https:\/\/www.battiloro.it\/fr\/wp-json\/wp\/v2\/users\/1"}],"replies":[{"embeddable":true,"href":"https:\/\/www.battiloro.it\/fr\/wp-json\/wp\/v2\/comments?post=53963"}],"version-history":[{"count":5,"href":"https:\/\/www.battiloro.it\/fr\/wp-json\/wp\/v2\/pages\/53963\/revisions"}],"predecessor-version":[{"id":54086,"href":"https:\/\/www.battiloro.it\/fr\/wp-json\/wp\/v2\/pages\/53963\/revisions\/54086"}],"wp:attachment":[{"href":"https:\/\/www.battiloro.it\/fr\/wp-json\/wp\/v2\/media?parent=53963"}],"curies":[{"name":"wp","href":"https:\/\/api.w.org\/{rel}","templated":true}]}}