{"id":53888,"date":"2020-08-07T14:01:28","date_gmt":"2020-08-07T13:01:28","guid":{"rendered":"https:\/\/www.battiloro.it\/metaux-precieux\/"},"modified":"2020-08-07T21:05:43","modified_gmt":"2020-08-07T20:05:43","slug":"metaux-precieux","status":"publish","type":"page","link":"https:\/\/www.battiloro.it\/fr\/metaux-precieux\/","title":{"rendered":"M\u00e9taux Pr\u00e9cieux"},"content":{"rendered":"<p>[vc_row row_type=\u00a0\u00bbrow\u00a0\u00bb use_row_as_full_screen_section=\u00a0\u00bbno\u00a0\u00bb type=\u00a0\u00bbgrid\u00a0\u00bb oblique_section=\u00a0\u00bbno\u00a0\u00bb text_align=\u00a0\u00bbleft\u00a0\u00bb css_animation=\u00a0\u00bb\u00a0\u00bb box_shadow_on_row=\u00a0\u00bbno\u00a0\u00bb][vc_column][vc_empty_space height=\u00a0\u00bb20px\u00a0\u00bb image_repeat=\u00a0\u00bbno-repeat\u00a0\u00bb][vc_column_text]<\/p>\n<h1 style=\"text-align: left;\">M\u00e9taux Pr\u00e9cieux<\/h1>\n<p>[\/vc_column_text][vc_empty_space height=\u00a0\u00bb20px\u00a0\u00bb image_repeat=\u00a0\u00bbno-repeat\u00a0\u00bb][vc_column_text]<\/p>\n<p style=\"text-align: left;\">Notre gamme de produits comprend plus de 20 nuances diff\u00e9rentes de m\u00e9taux, r\u00e9alis\u00e9es avec de l&rsquo;Or, de l&rsquo;Argent, du Cuivre, du Palladium et du Platine purs ou leurs alliages. Ces couleurs sont obtenues en m\u00e9langeant des m\u00e9taux dans des pourcentages sp\u00e9cifiques. La plupart des alliages sont compos\u00e9s des 3 premiers \u00e9l\u00e9ments: en augmentant le pourcentage de cuivre, nous donnons \u00e0 l&rsquo;alliage une couleur plus chaude tendant vers le rouge (Or Rouge), tandis que si nous augmentons l&rsquo;argent, la teinte devient plus froide jusqu&rsquo;\u00e0 atteindre la couleur grise (Or Blanc).<br \/>\nLa puret\u00e9 d&rsquo;un alliage d\u00e9pend du pourcentage d&rsquo;or qu&rsquo;il contient. Cela commence avec de l&rsquo;or pur 24 carats jusqu&rsquo;\u00e0 l\u2019Or Blanc de 6 carats. Cette caract\u00e9ristique, en plus d\u2019influencer le co\u00fbt final du produit, est essentielle pour obtenir une dorure qui dure dans le temps. En fait, l&rsquo;or est un m\u00e9tal qui ne s&rsquo;oxyde pas, contrairement au cuivre et \u00e0 l&rsquo;argent qui, au contraire, expos\u00e9s \u00e0 l\u2019air s&rsquo;oxydent tr\u00e8s rapidement. Et pour cela, les alliages avec des carats \u00e9lev\u00e9s, 23 carats ou plus, sont recommand\u00e9s pour les travaux en ext\u00e9rieur, tandis que ceux au 22 carats ou moins sont recommand\u00e9s uniquement pour les travaux en int\u00e9rieur. En g\u00e9n\u00e9ral, l&rsquo;or rouge n&rsquo;est pas recommand\u00e9 pour les travaux ext\u00e9rieurs.<br \/>\nM\u00eame \u00e0 l&rsquo;int\u00e9rieur, si des alliages de 16 carats ou moins sont utilis\u00e9s, une protection ad\u00e9quate est recommand\u00e9e pour retarder l&rsquo;oxydation.<\/p>\n<p>[\/vc_column_text][vc_empty_space height=\u00a0\u00bb45px\u00a0\u00bb image_repeat=\u00a0\u00bbno-repeat\u00a0\u00bb][\/vc_column][vc_column width=\u00a0\u00bb1\/4&Prime;]<div class=\"q_image_with_text_over  button_replace_text \"><div class=\"shader\" style=\"background-color:rgba(255,255,255,0.01);\" data-hover-background-color=rgba(255,255,255,0.82) ><\/div><img decoding=\"async\" src=\"https:\/\/www.battiloro.it\/wp-content\/uploads\/FIOCCO.jpg\" alt=\"\" \/><div class=\"front_holder\" ><div class=\"front_holder_inner\" style=\"border:none;\"><div class=\"front_holder_bottom\"><div class=\"front_holder_inner2\"> <div class=\"back_holder_new\"><a class=\"qbutton small\" href=\"\/fr\/metaux-precieux\/flocon\/\" target=\"_self\" style=\"\">POUR EN SAVOIR PLUS<\/a><\/div><\/div><\/div><\/div><\/div><\/div>[vc_empty_space height=\u00a0\u00bb20px\u00a0\u00bb image_repeat=\u00a0\u00bbno-repeat\u00a0\u00bb][vc_column_text]<\/p>\n<p style=\"text-align: center;\"><a href=\"\/fr\/metaux-precieux\/flocon\/\"><span class=\"product-title\">FLOCON<\/span><\/a><\/p>\n<p>[\/vc_column_text][vc_empty_space height=\u00a0\u00bb63px\u00a0\u00bb image_repeat=\u00a0\u00bbno-repeat\u00a0\u00bb][\/vc_column][vc_column width=\u00a0\u00bb1\/4&Prime;]<div class=\"q_image_with_text_over  button_replace_text \"><div class=\"shader\" style=\"background-color:rgba(255,255,255,0.01);\" data-hover-background-color=rgba(255,255,255,0.82) ><\/div><img decoding=\"async\" src=\"https:\/\/www.battiloro.it\/wp-content\/uploads\/LIBERA.jpg\" alt=\"\" \/><div class=\"front_holder\" ><div class=\"front_holder_inner\" style=\"border:none;\"><div class=\"front_holder_bottom\"><div class=\"front_holder_inner2\"> <div class=\"back_holder_new\"><a class=\"qbutton small\" href=\"\/fr\/metaux-precieux\/feuille-libre\/\" target=\"_self\" style=\"\">POUR EN SAVOIR PLUS<\/a><\/div><\/div><\/div><\/div><\/div><\/div>[vc_empty_space height=\u00a0\u00bb20px\u00a0\u00bb image_repeat=\u00a0\u00bbno-repeat\u00a0\u00bb][vc_column_text]<\/p>\n<p style=\"text-align: center;\"><a href=\"\/fr\/metaux-precieux\/feuille-libre\/\"><span class=\"product-title\">FEUILLE LIBRE<\/span><\/a><\/p>\n<p>[\/vc_column_text][vc_empty_space height=\u00a0\u00bb63px\u00a0\u00bb image_repeat=\u00a0\u00bbno-repeat\u00a0\u00bb][\/vc_column][vc_column width=\u00a0\u00bb1\/4&Prime;]<div class=\"q_image_with_text_over  button_replace_text \"><div class=\"shader\" style=\"background-color:rgba(255,255,255,0.01);\" data-hover-background-color=rgba(255,255,255,0.82) ><\/div><img decoding=\"async\" src=\"https:\/\/www.battiloro.it\/wp-content\/uploads\/DECALCO.jpg\" alt=\"\" \/><div class=\"front_holder\" ><div class=\"front_holder_inner\" style=\"border:none;\"><div class=\"front_holder_bottom\"><div class=\"front_holder_inner2\"> <div class=\"back_holder_new\"><a class=\"qbutton small\" href=\"\/fr\/metaux-precieux\/feuille-adhesif\/\" target=\"_self\" style=\"\">POUR EN SAVOIR PLUS<\/a><\/div><\/div><\/div><\/div><\/div><\/div>[vc_empty_space height=\u00a0\u00bb20px\u00a0\u00bb image_repeat=\u00a0\u00bbno-repeat\u00a0\u00bb][vc_column_text]<\/p>\n<p style=\"text-align: center;\"><a href=\"\/fr\/metaux-precieux\/feuille-adhesif\/\"><span class=\"product-title\">FEUILLE ADHESIF<\/span><\/a><\/p>\n<p>[\/vc_column_text][vc_empty_space height=\u00a0\u00bb63px\u00a0\u00bb image_repeat=\u00a0\u00bbno-repeat\u00a0\u00bb][\/vc_column][vc_column width=\u00a0\u00bb1\/4&Prime;]<div class=\"q_image_with_text_over  button_replace_text \"><div class=\"shader\" style=\"background-color:rgba(255,255,255,0.01);\" data-hover-background-color=rgba(255,255,255,0.82) ><\/div><img decoding=\"async\" src=\"https:\/\/www.battiloro.it\/wp-content\/uploads\/BORD2.jpg\" alt=\"\" \/><div class=\"front_holder\" ><div class=\"front_holder_inner\" style=\"border:none;\"><div class=\"front_holder_bottom\"><div class=\"front_holder_inner2\"> <div class=\"back_holder_new\"><a class=\"qbutton small\" href=\"\/fr\/metaux-precieux\/feuille-bord-a-bord\/\" target=\"_self\" style=\"\">POUR EN SAVOIR PLUS<\/a><\/div><\/div><\/div><\/div><\/div><\/div>[vc_empty_space height=\u00a0\u00bb20px\u00a0\u00bb image_repeat=\u00a0\u00bbno-repeat\u00a0\u00bb][vc_column_text]<\/p>\n<p style=\"text-align: center;\"><a href=\"\/fr\/metaux-precieux\/feuille-bord-a-bord\/\"><span class=\"product-title\">FEUILLE BORD A BORD<\/span><\/a><\/p>\n<p>[\/vc_column_text][vc_empty_space height=\u00a0\u00bb63px\u00a0\u00bb image_repeat=\u00a0\u00bbno-repeat\u00a0\u00bb][\/vc_column][vc_column width=\u00a0\u00bb1\/4&Prime;]<div class=\"q_image_with_text_over  button_replace_text \"><div class=\"shader\" style=\"background-color:rgba(255,255,255,0.01);\" data-hover-background-color=rgba(255,255,255,0.82) ><\/div><img decoding=\"async\" src=\"https:\/\/www.battiloro.it\/wp-content\/uploads\/SCAGLIA.jpg\" alt=\"\" \/><div class=\"front_holder\" ><div class=\"front_holder_inner\" style=\"border:none;\"><div class=\"front_holder_bottom\"><div class=\"front_holder_inner2\"> <div class=\"back_holder_new\"><a class=\"qbutton small\" href=\"\/fr\/metaux-precieux\/miettes\/\" target=\"_self\" style=\"\">POUR EN SAVOIR PLUS<\/a><\/div><\/div><\/div><\/div><\/div><\/div>[vc_empty_space height=\u00a0\u00bb20px\u00a0\u00bb image_repeat=\u00a0\u00bbno-repeat\u00a0\u00bb][vc_column_text]<\/p>\n<p style=\"text-align: center;\"><a href=\"\/fr\/metaux-precieux\/miettes\/\"><span class=\"product-title\">MIETTES<\/span><\/a><\/p>\n<p>[\/vc_column_text][vc_empty_space height=\u00a0\u00bb63px\u00a0\u00bb image_repeat=\u00a0\u00bbno-repeat\u00a0\u00bb][\/vc_column][vc_column width=\u00a0\u00bb1\/4&Prime;]<div class=\"q_image_with_text_over  button_replace_text \"><div class=\"shader\" style=\"background-color:rgba(255,255,255,0.01);\" data-hover-background-color=rgba(255,255,255,0.82) ><\/div><img decoding=\"async\" src=\"https:\/\/www.battiloro.it\/wp-content\/uploads\/polvere.jpg\" alt=\"\" \/><div class=\"front_holder\" ><div class=\"front_holder_inner\" style=\"border:none;\"><div class=\"front_holder_bottom\"><div class=\"front_holder_inner2\"> <div class=\"back_holder_new\"><a class=\"qbutton small\" href=\"\/fr\/metaux-precieux\/poudre\/\" target=\"_self\" style=\"\">POUR EN SAVOIR PLUS<\/a><\/div><\/div><\/div><\/div><\/div><\/div>[vc_empty_space height=\u00a0\u00bb20px\u00a0\u00bb image_repeat=\u00a0\u00bbno-repeat\u00a0\u00bb][vc_column_text]<\/p>\n<p style=\"text-align: center;\"><a href=\"\/fr\/metaux-precieux\/poudre\/\"><span class=\"product-title\">POUDRE<\/span><\/a><\/p>\n<p>[\/vc_column_text][vc_empty_space height=\u00a0\u00bb63px\u00a0\u00bb image_repeat=\u00a0\u00bbno-repeat\u00a0\u00bb][\/vc_column][vc_column width=\u00a0\u00bb1\/4&Prime;]<div class=\"q_image_with_text_over  button_replace_text \"><div class=\"shader\" style=\"background-color:rgba(255,255,255,0.01);\" data-hover-background-color=rgba(255,255,255,0.82) ><\/div><img decoding=\"async\" src=\"https:\/\/www.battiloro.it\/wp-content\/uploads\/conchiglia.jpg\" alt=\"\" \/><div class=\"front_holder\" ><div class=\"front_holder_inner\" style=\"border:none;\"><div class=\"front_holder_bottom\"><div class=\"front_holder_inner2\"> <div class=\"back_holder_new\"><a class=\"qbutton small\" href=\"\/fr\/metaux-precieux\/coquille\/\" target=\"_self\" style=\"\">POUR EN SAVOIR PLUS<\/a><\/div><\/div><\/div><\/div><\/div><\/div>[vc_empty_space height=\u00a0\u00bb20px\u00a0\u00bb image_repeat=\u00a0\u00bbno-repeat\u00a0\u00bb][vc_column_text]<\/p>\n<p style=\"text-align: center;\"><a href=\"\/fr\/metaux-precieux\/coquille\/\"><span class=\"product-title\">COQUILLE<\/span><\/a><\/p>\n<p>[\/vc_column_text][vc_empty_space height=\u00a0\u00bb63px\u00a0\u00bb image_repeat=\u00a0\u00bbno-repeat\u00a0\u00bb][\/vc_column][\/vc_row][vc_row row_type=\u00a0\u00bbrow\u00a0\u00bb use_row_as_full_screen_section=\u00a0\u00bbno\u00a0\u00bb type=\u00a0\u00bbfull_width\u00a0\u00bb oblique_section=\u00a0\u00bbno\u00a0\u00bb text_align=\u00a0\u00bbleft\u00a0\u00bb css_animation=\u00a0\u00bb\u00a0\u00bb box_shadow_on_row=\u00a0\u00bbno\u00a0\u00bb][vc_column][vc_empty_space height=\u00a0\u00bb15px\u00a0\u00bb image_repeat=\u00a0\u00bbno-repeat\u00a0\u00bb][\/vc_column][\/vc_row]<\/p>\n","protected":false},"excerpt":{"rendered":"<p>[vc_row row_type=\u00a0\u00bbrow\u00a0\u00bb use_row_as_full_screen_section=\u00a0\u00bbno\u00a0\u00bb type=\u00a0\u00bbgrid\u00a0\u00bb oblique_section=\u00a0\u00bbno\u00a0\u00bb text_align=\u00a0\u00bbleft\u00a0\u00bb css_animation=\u00a0\u00bb\u00a0\u00bb box_shadow_on_row=\u00a0\u00bbno\u00a0\u00bb][vc_column][vc_empty_space height=\u00a0\u00bb20px\u00a0\u00bb image_repeat=\u00a0\u00bbno-repeat\u00a0\u00bb][vc_column_text] M\u00e9taux Pr\u00e9cieux [\/vc_column_text][vc_empty_space height=\u00a0\u00bb20px\u00a0\u00bb image_repeat=\u00a0\u00bbno-repeat\u00a0\u00bb][vc_column_text] Notre gamme de produits comprend plus de 20 nuances diff\u00e9rentes de m\u00e9taux, r\u00e9alis\u00e9es avec de l&rsquo;Or, de l&rsquo;Argent, du Cuivre, du Palladium et du Platine purs ou leurs alliages. Ces couleurs sont obtenues en m\u00e9langeant des m\u00e9taux dans des pourcentages sp\u00e9cifiques. La plupart des alliages sont compos\u00e9s des 3 premiers \u00e9l\u00e9ments: en augmentant le pourcentage de cuivre, nous donnons \u00e0 l&rsquo;alliage une couleur plus chaude tendant vers le rouge (Or Rouge), tandis que si nous augmentons l&rsquo;argent, la teinte devient plus froide jusqu&rsquo;\u00e0 atteindre la couleur grise (Or Blanc). La puret\u00e9 d&rsquo;un alliage d\u00e9pend du pourcentage d&rsquo;or qu&rsquo;il contient. Cela commence avec de l&rsquo;or pur 24 carats jusqu&rsquo;\u00e0 l\u2019Or Blanc de 6 carats. Cette caract\u00e9ristique,&#8230;<\/p>\n","protected":false},"author":1,"featured_media":0,"parent":0,"menu_order":0,"comment_status":"closed","ping_status":"closed","template":"","meta":{"footnotes":""},"class_list":["post-53888","page","type-page","status-publish","hentry"],"_links":{"self":[{"href":"https:\/\/www.battiloro.it\/fr\/wp-json\/wp\/v2\/pages\/53888","targetHints":{"allow":["GET"]}}],"collection":[{"href":"https:\/\/www.battiloro.it\/fr\/wp-json\/wp\/v2\/pages"}],"about":[{"href":"https:\/\/www.battiloro.it\/fr\/wp-json\/wp\/v2\/types\/page"}],"author":[{"embeddable":true,"href":"https:\/\/www.battiloro.it\/fr\/wp-json\/wp\/v2\/users\/1"}],"replies":[{"embeddable":true,"href":"https:\/\/www.battiloro.it\/fr\/wp-json\/wp\/v2\/comments?post=53888"}],"version-history":[{"count":4,"href":"https:\/\/www.battiloro.it\/fr\/wp-json\/wp\/v2\/pages\/53888\/revisions"}],"predecessor-version":[{"id":54083,"href":"https:\/\/www.battiloro.it\/fr\/wp-json\/wp\/v2\/pages\/53888\/revisions\/54083"}],"wp:attachment":[{"href":"https:\/\/www.battiloro.it\/fr\/wp-json\/wp\/v2\/media?parent=53888"}],"curies":[{"name":"wp","href":"https:\/\/api.w.org\/{rel}","templated":true}]}}