{"id":53738,"date":"2018-07-16T15:02:21","date_gmt":"2018-07-16T14:02:21","guid":{"rendered":"https:\/\/www.battiloro.it\/products\/pomazon\/"},"modified":"2020-07-29T16:03:18","modified_gmt":"2020-07-29T15:03:18","slug":"pomazon","status":"publish","type":"product","link":"https:\/\/www.battiloro.it\/es\/herramientas-de-dorado\/pomazon\/","title":{"rendered":"Pomazon"},"content":{"rendered":"","protected":false},"excerpt":{"rendered":"<p>Este coj\u00edn es donde la hoja est\u00e1 dispuesta para ser cortada. Las caracter\u00edsticas b\u00e1sicas de esta herramienta son la ligereza, ya que se mantiene en la mano todo el d\u00eda. La calidad del cuero y la de la base deben ser excelentes para evitar que la hoja se rompa durante el corte.<\/p>\n<p><strong>EMBALAJE: Individual<\/strong><\/p>\n","protected":false},"featured_media":52802,"template":"","meta":[],"class_list":["post-53738","product","type-product","status-publish","has-post-thumbnail","hentry","product_cat-herramientas-de-dorado"],"_links":{"self":[{"href":"https:\/\/www.battiloro.it\/es\/wp-json\/wp\/v2\/product\/53738","targetHints":{"allow":["GET"]}}],"collection":[{"href":"https:\/\/www.battiloro.it\/es\/wp-json\/wp\/v2\/product"}],"about":[{"href":"https:\/\/www.battiloro.it\/es\/wp-json\/wp\/v2\/types\/product"}],"wp:featuredmedia":[{"embeddable":true,"href":"https:\/\/www.battiloro.it\/es\/wp-json\/wp\/v2\/media\/52802"}],"wp:attachment":[{"href":"https:\/\/www.battiloro.it\/es\/wp-json\/wp\/v2\/media?parent=53738"}],"curies":[{"name":"wp","href":"https:\/\/api.w.org\/{rel}","templated":true}]}}