{"id":53766,"date":"2020-07-30T08:33:11","date_gmt":"2020-07-30T07:33:11","guid":{"rendered":"https:\/\/www.battiloro.it\/productos-oro-chef\/escamas-alimenticia\/"},"modified":"2020-07-30T13:23:39","modified_gmt":"2020-07-30T12:23:39","slug":"escamas-alimenticia","status":"publish","type":"page","link":"https:\/\/www.battiloro.it\/es\/productos-oro-chef\/escamas-alimenticia\/","title":{"rendered":"Escamas Alimenticia"},"content":{"rendered":"<p>[vc_row row_type=\u00bbrow\u00bb use_row_as_full_screen_section=\u00bbno\u00bb type=\u00bbgrid\u00bb oblique_section=\u00bbno\u00bb text_align=\u00bbleft\u00bb css_animation=\u00bb\u00bb box_shadow_on_row=\u00bbno\u00bb][vc_column][vc_empty_space height=\u00bb20px\u00bb image_repeat=\u00bbno-repeat\u00bb][vc_column_text]<\/p>\n<h1>Escamas Alimenticia<\/h1>\n<p>[\/vc_column_text][vc_empty_space height=\u00bb20px\u00bb image_repeat=\u00bbno-repeat\u00bb][vc_column_text]Es el producto m\u00e1s vers\u00e1til en el sector alimenticio. Su uso principal es la decoraci\u00f3n de platos, c\u00f3cteles y postres y, de hecho, se solicita especialmente en el sector HoReCa.<\/p>\n<p>Otro uso frecuente es la decoraci\u00f3n de licores, champan, aceites, &#8230; las posibilidades son infinitas.<\/p>\n<p>La facilidad de aplicaci\u00f3n de este producto permite su uso incluso por aquellos que no tienen experiencia.<\/p>\n<p><strong>EMBALAJE: de 1 a 20 gramos.<\/strong>[\/vc_column_text][vc_empty_space height=\u00bb45px\u00bb image_repeat=\u00bbno-repeat\u00bb][\/vc_column][vc_column width=\u00bb1\/4&#8243;]<div class=\"woocommerce \">\n<ul class=\"products clearfix type1 hover_type1 \">\n\t<li class=\"post-53654 product type-product status-publish has-post-thumbnail hentry product_cat-b-b-es product_cat-hoja-libre product_cat-hoja-transfer product_cat-metales-preciosos\">\n\t\t\t\t\t<div class=\"top-product-section\">\n\t\t\t\t<a href=\"https:\/\/www.battiloro.it\/es\/metales-preciosos\/kt-24-oro-puro\/\">\n\t\t\t\t\t<span class=\"image-wrapper\">\n\t\t\t\t\t\t\t\t\t\t<\/span>\n\t\t\t\t<\/a>\n\t\t\t\t<div class=\"product_image_overlay\"><\/div><div class=\"add-to-cart-button-outer\"><div class=\"add-to-cart-button-inner\"><div class=\"add-to-cart-button-inner2\"><a class=\"product_link_over\" href=\"https:\/\/www.battiloro.it\/es\/metales-preciosos\/kt-24-oro-puro\/\"><\/a><a rel=\"nofollow\" href=\"https:\/\/www.battiloro.it\/es\/metales-preciosos\/kt-24-oro-puro\/\" data-quantity=\"1\" data-product_id=\"53654\" data-product_sku=\"\" class=\"qbutton add-to-cart-button button product_type_simple\">Read more<\/a><\/div><\/div><\/div>\t\t\t<\/div>\n\t\t\t<div class=\"product_info_box\">\n\t\t\t\t<span class=\"product-categories\">\n\t\t\t\t\t<a href=\"https:\/\/www.battiloro.it\/es\/categor\u00eda-producto\/b-b-es\/\" rel=\"tag\">b\/b<\/a>, <a href=\"https:\/\/www.battiloro.it\/es\/categor\u00eda-producto\/hoja-libre\/\" rel=\"tag\">Hoja Libre<\/a>, <a href=\"https:\/\/www.battiloro.it\/es\/categor\u00eda-producto\/hoja-transfer\/\" rel=\"tag\">Hoja Transfer<\/a>, <a href=\"https:\/\/www.battiloro.it\/es\/categor\u00eda-producto\/metales-preciosos\/\" rel=\"tag\">Metales Preciosos<\/a>\t\t\t\t<\/span>\n\t\t\t\t<a href=\"https:\/\/www.battiloro.it\/es\/metales-preciosos\/kt-24-oro-puro\/\" class=\"product-category\">            \n\t\t\t\t\t<span class=\"product-title\">KT 24 Oro Puro<\/span>\n\t\t\t\t<\/a>\n\t\t\t\t\t\t\t\t<div class=\"shop_price_lightbox_holder\">\n\t\t\t\t\t\n\n    <div class=\"star-rating\">\n        <span style=\"width: 0%\"><\/span>\n    <\/div>\n\t\t\t\t\t\t\t\t\t<\/div>\t\t\t\t\n\t\t\t<\/div>\n\t\t\t\t<\/li>\n\n<\/ul>\n<\/div>[\/vc_column][vc_column width=\u00bb1\/4&#8243;]<div class=\"woocommerce \">\n<ul class=\"products clearfix type1 hover_type1 \">\n\t<li class=\"post-53669 product type-product status-publish has-post-thumbnail hentry product_cat-escamas product_cat-hoja-libre product_cat-hoja-transfer product_cat-metales-preciosos product_cat-polvo-oro product_cat-shabin-es\">\n\t\t\t\t\t<div class=\"top-product-section\">\n\t\t\t\t<a href=\"https:\/\/www.battiloro.it\/es\/metales-preciosos\/kt-23-oro-alimenticio\/\">\n\t\t\t\t\t<span class=\"image-wrapper\">\n\t\t\t\t\t\t\t\t\t\t<\/span>\n\t\t\t\t<\/a>\n\t\t\t\t<div class=\"product_image_overlay\"><\/div><div class=\"add-to-cart-button-outer\"><div class=\"add-to-cart-button-inner\"><div class=\"add-to-cart-button-inner2\"><a class=\"product_link_over\" href=\"https:\/\/www.battiloro.it\/es\/metales-preciosos\/kt-23-oro-alimenticio\/\"><\/a><a rel=\"nofollow\" href=\"https:\/\/www.battiloro.it\/es\/metales-preciosos\/kt-23-oro-alimenticio\/\" data-quantity=\"1\" data-product_id=\"53669\" data-product_sku=\"\" class=\"qbutton add-to-cart-button button product_type_simple\">Read more<\/a><\/div><\/div><\/div>\t\t\t<\/div>\n\t\t\t<div class=\"product_info_box\">\n\t\t\t\t<span class=\"product-categories\">\n\t\t\t\t\t<a href=\"https:\/\/www.battiloro.it\/es\/categor\u00eda-producto\/escamas\/\" rel=\"tag\">Escamas<\/a>, <a href=\"https:\/\/www.battiloro.it\/es\/categor\u00eda-producto\/hoja-libre\/\" rel=\"tag\">Hoja Libre<\/a>, <a href=\"https:\/\/www.battiloro.it\/es\/categor\u00eda-producto\/hoja-transfer\/\" rel=\"tag\">Hoja Transfer<\/a>, <a href=\"https:\/\/www.battiloro.it\/es\/categor\u00eda-producto\/metales-preciosos\/\" rel=\"tag\">Metales Preciosos<\/a>, <a href=\"https:\/\/www.battiloro.it\/es\/categor\u00eda-producto\/polvo-oro\/\" rel=\"tag\">Polvo<\/a>, <a href=\"https:\/\/www.battiloro.it\/es\/categor\u00eda-producto\/shabin-es\/\" rel=\"tag\">Shabin<\/a>\t\t\t\t<\/span>\n\t\t\t\t<a href=\"https:\/\/www.battiloro.it\/es\/metales-preciosos\/kt-23-oro-alimenticio\/\" class=\"product-category\">            \n\t\t\t\t\t<span class=\"product-title\">KT 23 Oro Alimenticio<\/span>\n\t\t\t\t<\/a>\n\t\t\t\t\t\t\t\t<div class=\"shop_price_lightbox_holder\">\n\t\t\t\t\t\n\n    <div class=\"star-rating\">\n        <span style=\"width: 0%\"><\/span>\n    <\/div>\n\t\t\t\t\t\t\t\t\t<\/div>\t\t\t\t\n\t\t\t<\/div>\n\t\t\t\t<\/li>\n\n<\/ul>\n<\/div>[\/vc_column][vc_column width=\u00bb1\/4&#8243;]<div class=\"woocommerce \">\n<ul class=\"products clearfix type1 hover_type1 \">\n\t<li class=\"post-53673 product type-product status-publish has-post-thumbnail hentry product_cat-escamas product_cat-hoja-libre product_cat-hoja-transfer product_cat-metales-preciosos product_cat-polvo-oro product_cat-shabin-es\">\n\t\t\t\t\t<div class=\"top-product-section\">\n\t\t\t\t<a href=\"https:\/\/www.battiloro.it\/es\/metales-preciosos\/kt-22-oro-alimenticio\/\">\n\t\t\t\t\t<span class=\"image-wrapper\">\n\t\t\t\t\t\t\t\t\t\t<\/span>\n\t\t\t\t<\/a>\n\t\t\t\t<div class=\"product_image_overlay\"><\/div><div class=\"add-to-cart-button-outer\"><div class=\"add-to-cart-button-inner\"><div class=\"add-to-cart-button-inner2\"><a class=\"product_link_over\" href=\"https:\/\/www.battiloro.it\/es\/metales-preciosos\/kt-22-oro-alimenticio\/\"><\/a><a rel=\"nofollow\" href=\"https:\/\/www.battiloro.it\/es\/metales-preciosos\/kt-22-oro-alimenticio\/\" data-quantity=\"1\" data-product_id=\"53673\" data-product_sku=\"\" class=\"qbutton add-to-cart-button button product_type_simple\">Read more<\/a><\/div><\/div><\/div>\t\t\t<\/div>\n\t\t\t<div class=\"product_info_box\">\n\t\t\t\t<span class=\"product-categories\">\n\t\t\t\t\t<a href=\"https:\/\/www.battiloro.it\/es\/categor\u00eda-producto\/escamas\/\" rel=\"tag\">Escamas<\/a>, <a href=\"https:\/\/www.battiloro.it\/es\/categor\u00eda-producto\/hoja-libre\/\" rel=\"tag\">Hoja Libre<\/a>, <a href=\"https:\/\/www.battiloro.it\/es\/categor\u00eda-producto\/hoja-transfer\/\" rel=\"tag\">Hoja Transfer<\/a>, <a href=\"https:\/\/www.battiloro.it\/es\/categor\u00eda-producto\/metales-preciosos\/\" rel=\"tag\">Metales Preciosos<\/a>, <a href=\"https:\/\/www.battiloro.it\/es\/categor\u00eda-producto\/polvo-oro\/\" rel=\"tag\">Polvo<\/a>, <a href=\"https:\/\/www.battiloro.it\/es\/categor\u00eda-producto\/shabin-es\/\" rel=\"tag\">Shabin<\/a>\t\t\t\t<\/span>\n\t\t\t\t<a href=\"https:\/\/www.battiloro.it\/es\/metales-preciosos\/kt-22-oro-alimenticio\/\" class=\"product-category\">            \n\t\t\t\t\t<span class=\"product-title\">KT 22 Oro Alimenticio<\/span>\n\t\t\t\t<\/a>\n\t\t\t\t\t\t\t\t<div class=\"shop_price_lightbox_holder\">\n\t\t\t\t\t\n\n    <div class=\"star-rating\">\n        <span style=\"width: 0%\"><\/span>\n    <\/div>\n\t\t\t\t\t\t\t\t\t<\/div>\t\t\t\t\n\t\t\t<\/div>\n\t\t\t\t<\/li>\n\n<\/ul>\n<\/div>[\/vc_column][vc_column width=\u00bb1\/4&#8243;]<div class=\"woocommerce \">\n<ul class=\"products clearfix type1 hover_type1 \">\n\t<li class=\"post-53665 product type-product status-publish has-post-thumbnail hentry product_cat-almeja product_cat-escamas product_cat-hoja-libre product_cat-hoja-transfer product_cat-metales-preciosos product_cat-polvo-oro product_cat-shabin-es\">\n\t\t\t\t\t<div class=\"top-product-section\">\n\t\t\t\t<a href=\"https:\/\/www.battiloro.it\/es\/metales-preciosos\/plata-pura\/\">\n\t\t\t\t\t<span class=\"image-wrapper\">\n\t\t\t\t\t\t\t\t\t\t<\/span>\n\t\t\t\t<\/a>\n\t\t\t\t<div class=\"product_image_overlay\"><\/div><div class=\"add-to-cart-button-outer\"><div class=\"add-to-cart-button-inner\"><div class=\"add-to-cart-button-inner2\"><a class=\"product_link_over\" href=\"https:\/\/www.battiloro.it\/es\/metales-preciosos\/plata-pura\/\"><\/a><a rel=\"nofollow\" href=\"https:\/\/www.battiloro.it\/es\/metales-preciosos\/plata-pura\/\" data-quantity=\"1\" data-product_id=\"53665\" data-product_sku=\"\" class=\"qbutton add-to-cart-button button product_type_simple\">Read more<\/a><\/div><\/div><\/div>\t\t\t<\/div>\n\t\t\t<div class=\"product_info_box\">\n\t\t\t\t<span class=\"product-categories\">\n\t\t\t\t\t<a href=\"https:\/\/www.battiloro.it\/es\/categor\u00eda-producto\/almeja\/\" rel=\"tag\">Almeja<\/a>, <a href=\"https:\/\/www.battiloro.it\/es\/categor\u00eda-producto\/escamas\/\" rel=\"tag\">Escamas<\/a>, <a href=\"https:\/\/www.battiloro.it\/es\/categor\u00eda-producto\/hoja-libre\/\" rel=\"tag\">Hoja Libre<\/a>, <a href=\"https:\/\/www.battiloro.it\/es\/categor\u00eda-producto\/hoja-transfer\/\" rel=\"tag\">Hoja Transfer<\/a>, <a href=\"https:\/\/www.battiloro.it\/es\/categor\u00eda-producto\/metales-preciosos\/\" rel=\"tag\">Metales Preciosos<\/a>, <a href=\"https:\/\/www.battiloro.it\/es\/categor\u00eda-producto\/polvo-oro\/\" rel=\"tag\">Polvo<\/a>, <a href=\"https:\/\/www.battiloro.it\/es\/categor\u00eda-producto\/shabin-es\/\" rel=\"tag\">Shabin<\/a>\t\t\t\t<\/span>\n\t\t\t\t<a href=\"https:\/\/www.battiloro.it\/es\/metales-preciosos\/plata-pura\/\" class=\"product-category\">            \n\t\t\t\t\t<span class=\"product-title\">Plata Pura<\/span>\n\t\t\t\t<\/a>\n\t\t\t\t\t\t\t\t<div class=\"shop_price_lightbox_holder\">\n\t\t\t\t\t\n\n    <div class=\"star-rating\">\n        <span style=\"width: 0%\"><\/span>\n    <\/div>\n\t\t\t\t\t\t\t\t\t<\/div>\t\t\t\t\n\t\t\t<\/div>\n\t\t\t\t<\/li>\n\n<\/ul>\n<\/div>[\/vc_column][\/vc_row]<\/p>\n","protected":false},"excerpt":{"rendered":"<p>[vc_row row_type=\u00bbrow\u00bb use_row_as_full_screen_section=\u00bbno\u00bb type=\u00bbgrid\u00bb oblique_section=\u00bbno\u00bb text_align=\u00bbleft\u00bb css_animation=\u00bb\u00bb box_shadow_on_row=\u00bbno\u00bb][vc_column][vc_empty_space height=\u00bb20px\u00bb image_repeat=\u00bbno-repeat\u00bb][vc_column_text] Escamas Alimenticia [\/vc_column_text][vc_empty_space height=\u00bb20px\u00bb image_repeat=\u00bbno-repeat\u00bb][vc_column_text]Es el producto m\u00e1s vers\u00e1til en el sector alimenticio. Su uso principal es la decoraci\u00f3n de platos, c\u00f3cteles y postres y, de hecho, se solicita especialmente en el sector HoReCa. Otro uso frecuente es la decoraci\u00f3n de licores, champan, aceites, &#8230; las posibilidades son infinitas. La facilidad de aplicaci\u00f3n de este producto permite su uso incluso por aquellos que no tienen experiencia. EMBALAJE: de 1 a 20 gramos.[\/vc_column_text][vc_empty_space height=\u00bb45px\u00bb image_repeat=\u00bbno-repeat\u00bb][\/vc_column][vc_column width=\u00bb1\/4&#8243;][\/vc_column][vc_column width=\u00bb1\/4&#8243;][\/vc_column][vc_column width=\u00bb1\/4&#8243;][\/vc_column][vc_column width=\u00bb1\/4&#8243;][\/vc_column][\/vc_row]<\/p>\n","protected":false},"author":1,"featured_media":0,"parent":53757,"menu_order":0,"comment_status":"closed","ping_status":"closed","template":"","meta":{"footnotes":""},"class_list":["post-53766","page","type-page","status-publish","hentry"],"_links":{"self":[{"href":"https:\/\/www.battiloro.it\/es\/wp-json\/wp\/v2\/pages\/53766","targetHints":{"allow":["GET"]}}],"collection":[{"href":"https:\/\/www.battiloro.it\/es\/wp-json\/wp\/v2\/pages"}],"about":[{"href":"https:\/\/www.battiloro.it\/es\/wp-json\/wp\/v2\/types\/page"}],"author":[{"embeddable":true,"href":"https:\/\/www.battiloro.it\/es\/wp-json\/wp\/v2\/users\/1"}],"replies":[{"embeddable":true,"href":"https:\/\/www.battiloro.it\/es\/wp-json\/wp\/v2\/comments?post=53766"}],"version-history":[{"count":2,"href":"https:\/\/www.battiloro.it\/es\/wp-json\/wp\/v2\/pages\/53766\/revisions"}],"predecessor-version":[{"id":53768,"href":"https:\/\/www.battiloro.it\/es\/wp-json\/wp\/v2\/pages\/53766\/revisions\/53768"}],"up":[{"embeddable":true,"href":"https:\/\/www.battiloro.it\/es\/wp-json\/wp\/v2\/pages\/53757"}],"wp:attachment":[{"href":"https:\/\/www.battiloro.it\/es\/wp-json\/wp\/v2\/media?parent=53766"}],"curies":[{"name":"wp","href":"https:\/\/api.w.org\/{rel}","templated":true}]}}