{"id":53757,"date":"2020-07-30T08:29:11","date_gmt":"2020-07-30T07:29:11","guid":{"rendered":"https:\/\/www.battiloro.it\/productos-oro-chef\/"},"modified":"2020-07-30T13:20:57","modified_gmt":"2020-07-30T12:20:57","slug":"productos-oro-chef","status":"publish","type":"page","link":"https:\/\/www.battiloro.it\/es\/productos-oro-chef\/","title":{"rendered":"Productos Oro Chef"},"content":{"rendered":"<p>[vc_row row_type=\u00bbrow\u00bb use_row_as_full_screen_section=\u00bbno\u00bb type=\u00bbgrid\u00bb oblique_section=\u00bbno\u00bb text_align=\u00bbcenter\u00bb css_animation=\u00bb\u00bb box_shadow_on_row=\u00bbno\u00bb triangle_shape=\u00bbno\u00bb triangle_shape_position=\u00bbboth\u00bb][vc_column][vc_empty_space height=\u00bb20px\u00bb image_repeat=\u00bbno-repeat\u00bb][vc_column_text]<\/p>\n<h1 style=\"text-align: left;\">Productos Oro Chef<\/h1>\n<p>[\/vc_column_text][vc_empty_space height=\u00bb20px\u00bb image_repeat=\u00bbno-repeat\u00bb][vc_column_text]<\/p>\n<p style=\"text-align: left;\">En la historia, el mundo de la comida siempre ha apreciado y utilizado pan de oro, comenzando desde los antiguos egipcios, pasando por los romanos, los banquetes en el Renacimiento y finalmente llegando hasta nuestros d\u00edas.<\/p>\n<p style=\"text-align: left;\">La hoja de oro y plata y todos los productos Oro Chef est\u00e1n hechos en una l\u00ednea de producci\u00f3n espec\u00edfica y no crean ning\u00fan da\u00f1o al cuerpo si se ingieren, entonces surge la pregunta espont\u00e1neamente: \u00bfPor qu\u00e9 solo bueno si tambi\u00e9n puede ser hermoso?<\/p>\n<p style=\"text-align: left;\">Los campos de uso son infinitos, desde la decoraci\u00f3n de los platos hasta el adorno de una botella de champ\u00e1n, desde los detalles refinados en una porci\u00f3n de fingerfood hasta la cobertura total de las grageas, &#8230; el \u00fanico l\u00edmite es su imaginaci\u00f3n.<\/p>\n<p style=\"text-align: left;\">La importancia y la facilidad de uso de nuestros productos comestibles hacen que los clientes objetivo no solo sean las industrias de confiter\u00eda, restaurantes con estrellas o prestigiosos bares de c\u00f3cteles, sino tambi\u00e9n aquellos que quieran probar con sus manos preparar la cl\u00e1sica cena rom\u00e1ntica casera.<\/p>\n<p>[\/vc_column_text][vc_empty_space height=\u00bb45px\u00bb image_repeat=\u00bbno-repeat\u00bb][\/vc_column][vc_column width=\u00bb1\/4&#8243;]<div class=\"q_image_with_text_over  button_replace_text \"><div class=\"shader\" style=\"background-color:rgba(255,255,255,0.01);\" data-hover-background-color=rgba(255,255,255,0.82) ><\/div><img decoding=\"async\" src=\"https:\/\/www.battiloro.it\/wp-content\/uploads\/FIOCCO.jpg\" alt=\"\" \/><div class=\"front_holder\" ><div class=\"front_holder_inner\" style=\"border:none;\"><div class=\"front_holder_bottom\"><div class=\"front_holder_inner2\"> <div class=\"back_holder_new\"><a class=\"qbutton small\" href=\"\/es\/productos-oro-chef\/shabin-alimenticio\/\" target=\"_self\" style=\"\">VER MAS<\/a><\/div><\/div><\/div><\/div><\/div><\/div>[vc_empty_space height=\u00bb20px\u00bb image_repeat=\u00bbno-repeat\u00bb][vc_column_text]<\/p>\n<p style=\"text-align: center;\"><a href=\"\/es\/productos-oro-chef\/shabin-alimenticio\/\"><span class=\"product-title\">SHABIN ALIMENTICIO<\/span><\/a><\/p>\n<p>[\/vc_column_text][vc_empty_space height=\u00bb63px\u00bb image_repeat=\u00bbno-repeat\u00bb][\/vc_column][vc_column width=\u00bb1\/4&#8243;]<div class=\"q_image_with_text_over  button_replace_text \"><div class=\"shader\" style=\"background-color:rgba(255,255,255,0.01);\" data-hover-background-color=rgba(255,255,255,0.82) ><\/div><img decoding=\"async\" src=\"https:\/\/www.battiloro.it\/wp-content\/uploads\/DECALCO.jpg\" alt=\"\" \/><div class=\"front_holder\" ><div class=\"front_holder_inner\" style=\"border:none;\"><div class=\"front_holder_bottom\"><div class=\"front_holder_inner2\"> <div class=\"back_holder_new\"><a class=\"qbutton small\" href=\"\/es\/productos-oro-chef\/hoja-alimenticia\/\" target=\"_self\" style=\"\">VER MAS<\/a><\/div><\/div><\/div><\/div><\/div><\/div>[vc_empty_space height=\u00bb20px\u00bb image_repeat=\u00bbno-repeat\u00bb][vc_column_text]<\/p>\n<p style=\"text-align: center;\"><a href=\"\/es\/productos-oro-chef\/hoja-alimenticia\/\"><span class=\"product-title\">HOJA ALIMENTICIA<\/span><\/a><\/p>\n<p>[\/vc_column_text][vc_empty_space height=\u00bb63px\u00bb image_repeat=\u00bbno-repeat\u00bb][\/vc_column][vc_column width=\u00bb1\/4&#8243;]<div class=\"q_image_with_text_over  button_replace_text \"><div class=\"shader\" style=\"background-color:rgba(255,255,255,0.01);\" data-hover-background-color=rgba(255,255,255,0.82) ><\/div><img decoding=\"async\" src=\"https:\/\/www.battiloro.it\/wp-content\/uploads\/SCAGLIA.jpg\" alt=\"\" \/><div class=\"front_holder\" ><div class=\"front_holder_inner\" style=\"border:none;\"><div class=\"front_holder_bottom\"><div class=\"front_holder_inner2\"> <div class=\"back_holder_new\"><a class=\"qbutton small\" href=\"\/es\/productos-oro-chef\/escamas-alimenticia\/\" target=\"_self\" style=\"\">VER MAS<\/a><\/div><\/div><\/div><\/div><\/div><\/div>[vc_empty_space height=\u00bb20px\u00bb image_repeat=\u00bbno-repeat\u00bb][vc_column_text]<\/p>\n<p style=\"text-align: center;\"><a href=\"\/es\/productos-oro-chef\/escamas-alimenticia\/\"><span class=\"product-title\">ESCAMAS ALIMENTICIA<\/span><\/a><\/p>\n<p>[\/vc_column_text][vc_empty_space height=\u00bb63px\u00bb image_repeat=\u00bbno-repeat\u00bb][\/vc_column][vc_column width=\u00bb1\/4&#8243;]<div class=\"q_image_with_text_over  button_replace_text \"><div class=\"shader\" style=\"background-color:rgba(255,255,255,0.01);\" data-hover-background-color=rgba(255,255,255,0.82) ><\/div><img decoding=\"async\" src=\"https:\/\/www.battiloro.it\/wp-content\/uploads\/polvere-1.jpg\" alt=\"\" \/><div class=\"front_holder\" ><div class=\"front_holder_inner\" style=\"border:none;\"><div class=\"front_holder_bottom\"><div class=\"front_holder_inner2\"> <div class=\"back_holder_new\"><a class=\"qbutton small\" href=\"\/es\/productos-oro-chef\/polvo-alimenticio\/\" target=\"_self\" style=\"\">VER MAS<\/a><\/div><\/div><\/div><\/div><\/div><\/div>[vc_empty_space height=\u00bb20px\u00bb image_repeat=\u00bbno-repeat\u00bb][vc_column_text]<\/p>\n<p style=\"text-align: center;\"><a href=\"\/es\/productos-oro-chef\/polvo-alimenticio\/\"><span class=\"product-title\">POLVO ALIMENTICIO<\/span><\/a><\/p>\n<p>[\/vc_column_text][vc_empty_space height=\u00bb63px\u00bb image_repeat=\u00bbno-repeat\u00bb][\/vc_column][\/vc_row][vc_row row_type=\u00bbrow\u00bb use_row_as_full_screen_section=\u00bbno\u00bb type=\u00bbfull_width\u00bb oblique_section=\u00bbno\u00bb text_align=\u00bbleft\u00bb css_animation=\u00bb\u00bb box_shadow_on_row=\u00bbno\u00bb][vc_column][vc_empty_space height=\u00bb15px\u00bb image_repeat=\u00bbno-repeat\u00bb][\/vc_column][\/vc_row]<\/p>\n","protected":false},"excerpt":{"rendered":"<p>[vc_row row_type=\u00bbrow\u00bb use_row_as_full_screen_section=\u00bbno\u00bb type=\u00bbgrid\u00bb oblique_section=\u00bbno\u00bb text_align=\u00bbcenter\u00bb css_animation=\u00bb\u00bb box_shadow_on_row=\u00bbno\u00bb triangle_shape=\u00bbno\u00bb triangle_shape_position=\u00bbboth\u00bb][vc_column][vc_empty_space height=\u00bb20px\u00bb image_repeat=\u00bbno-repeat\u00bb][vc_column_text] Productos Oro Chef [\/vc_column_text][vc_empty_space height=\u00bb20px\u00bb image_repeat=\u00bbno-repeat\u00bb][vc_column_text] En la historia, el mundo de la comida siempre ha apreciado y utilizado pan de oro, comenzando desde los antiguos egipcios, pasando por los romanos, los banquetes en el Renacimiento y finalmente llegando hasta nuestros d\u00edas. La hoja de oro y plata y todos los productos Oro Chef est\u00e1n hechos en una l\u00ednea de producci\u00f3n espec\u00edfica y no crean ning\u00fan da\u00f1o al cuerpo si se ingieren, entonces surge la pregunta espont\u00e1neamente: \u00bfPor qu\u00e9 solo bueno si tambi\u00e9n puede ser hermoso? Los campos de uso son infinitos, desde la decoraci\u00f3n de los platos hasta el adorno de una botella de champ\u00e1n, desde los detalles refinados en una porci\u00f3n de fingerfood hasta la cobertura&#8230;<\/p>\n","protected":false},"author":1,"featured_media":0,"parent":0,"menu_order":0,"comment_status":"closed","ping_status":"closed","template":"","meta":{"footnotes":""},"class_list":["post-53757","page","type-page","status-publish","hentry"],"_links":{"self":[{"href":"https:\/\/www.battiloro.it\/es\/wp-json\/wp\/v2\/pages\/53757","targetHints":{"allow":["GET"]}}],"collection":[{"href":"https:\/\/www.battiloro.it\/es\/wp-json\/wp\/v2\/pages"}],"about":[{"href":"https:\/\/www.battiloro.it\/es\/wp-json\/wp\/v2\/types\/page"}],"author":[{"embeddable":true,"href":"https:\/\/www.battiloro.it\/es\/wp-json\/wp\/v2\/users\/1"}],"replies":[{"embeddable":true,"href":"https:\/\/www.battiloro.it\/es\/wp-json\/wp\/v2\/comments?post=53757"}],"version-history":[{"count":5,"href":"https:\/\/www.battiloro.it\/es\/wp-json\/wp\/v2\/pages\/53757\/revisions"}],"predecessor-version":[{"id":53854,"href":"https:\/\/www.battiloro.it\/es\/wp-json\/wp\/v2\/pages\/53757\/revisions\/53854"}],"wp:attachment":[{"href":"https:\/\/www.battiloro.it\/es\/wp-json\/wp\/v2\/media?parent=53757"}],"curies":[{"name":"wp","href":"https:\/\/api.w.org\/{rel}","templated":true}]}}