{"id":53749,"date":"2020-07-29T16:43:18","date_gmt":"2020-07-29T15:43:18","guid":{"rendered":"https:\/\/www.battiloro.it\/dorado-a-lagua\/"},"modified":"2020-07-30T13:15:43","modified_gmt":"2020-07-30T12:15:43","slug":"dorado-a-lagua","status":"publish","type":"page","link":"https:\/\/www.battiloro.it\/es\/dorado-a-lagua\/","title":{"rendered":"Dorado a l&#8217;Agua"},"content":{"rendered":"<p>[vc_row row_type=\u00bbrow\u00bb use_row_as_full_screen_section=\u00bbno\u00bb type=\u00bbgrid\u00bb oblique_section=\u00bbno\u00bb text_align=\u00bbleft\u00bb padding_top=\u00bb60&#8243; padding_bottom=\u00bb40&#8243; css_animation=\u00bb\u00bb box_shadow_on_row=\u00bbno\u00bb][vc_column][vc_empty_space height=\u00bb20px\u00bb image_repeat=\u00bbno-repeat\u00bb][vc_column_text]<\/p>\n<h1><strong>Dorado a l&#8217;Agua<\/strong><\/h1>\n<p>[\/vc_column_text][vc_empty_space height=\u00bb20px\u00bb image_repeat=\u00bbno-repeat\u00bb][vc_column_text]<\/p>\n<h4 style=\"text-align: justify;\">El dorado de pan de oro es posible de dos maneras.<\/h4>\n<h4 style=\"text-align: left;\"><\/h4>\n<h4 style=\"text-align: justify;\">El m\u00e1s antiguo, el m\u00e1s bello pero tambi\u00e9n el m\u00e1s largo y complejo es el dorado del agua..<br \/>\nEste dorado, gracias a la larga preparaci\u00f3n, permite resaltar el brillo y la calidad del oro.<br \/>\nEs un proceso largo que consta de fases muy espec\u00edficas que se suceden: aplicaci\u00f3n de yeso, aplicaci\u00f3n del bol, dorado con las hojas y finalmente bru\u00f1ir.<\/h4>\n<p>[\/vc_column_text][vc_empty_space height=\u00bb45px\u00bb image_repeat=\u00bbno-repeat\u00bb][vc_column_text]<\/p>\n<h3><strong>Paso 1. Aplicaci\u00f3n de Yeso<\/strong><\/h3>\n<p>[\/vc_column_text][vc_empty_space height=\u00bb12px\u00bb image_repeat=\u00bbno-repeat\u00bb][vc_row_inner row_type=\u00bbrow\u00bb type=\u00bbgrid\u00bb use_row_as_full_screen_section_slide=\u00bbno\u00bb text_align=\u00bbleft\u00bb css_animation=\u00bb\u00bb box_shadow_on_row=\u00bbno\u00bb el_id=\u00bbammannitura\u00bb][vc_column_inner][vc_column_text]<\/p>\n<p style=\"text-align: justify;\">La aplicacion del yeso es la primera fase de la que depende un buen resultado. La cola de conejo es necesaria para la preparaci\u00f3n de yeso. Este pegamento, que se encuentra en el mercado en granos u hojas, se prepara antes poniendolo en agua (las proporciones correctas son aproximadamente 1:10 &#8211; 1:12). Una vez que los granos se hinchan y se ablandan, se calienta la agua, teniendo cuidado de no dejar que hierva.<br \/>\nEn esta etapa, con un tamiz, el yeso se introduce gradualmente en el recipiente.<br \/>\nPara un buen trabajo, es fundamental que nunca se mezcle porque este movimiento provocar\u00eda la incorporaci\u00f3n de de aire que, una vez secas, se convertir\u00edan en irregularidades en la superficie del objeto. Contin\u00fae agregando yeso hasta que la mezcla alcance la consistencia adecuada para aplicar con un pincel en una capa homog\u00e9nea. Si el yeso es demasiado denso, ver\u00e1 muchas marcas de pincel, de lo contrario, si es demasiado l\u00edquido, la capa no tendr\u00e1 el grosor correcto.<\/p>\n<p style=\"text-align: justify;\">Tambi\u00e9n es importante que antes de proceder con las capas de Gesso, extienda una capa de pegamento muy l\u00edquido con solo un poco de yeso.<\/p>\n<p style=\"text-align: justify;\">Entre una extensi\u00f3n y la otra, deje secar el yeso.<\/p>\n<p style=\"text-align: justify;\">Una vez que el yeso se ha extendido, se recomienda terminar con rascadores para eliminar cualquier exceso o imperfecci\u00f3n. Luego, debe lijarse con papel de lija de grano fino. Finalmente, para eliminar el polvo y cerrar la porosidad, limpie r\u00e1pidamente con una bola de algod\u00f3n.<\/p>\n<p style=\"text-align: justify;\">Ahora la superficie parece perfectamente lisa y lista para la segunda fase.<\/p>\n<p>[\/vc_column_text][\/vc_column_inner][\/vc_row_inner][vc_empty_space height=\u00bb45px\u00bb image_repeat=\u00bbno-repeat\u00bb][vc_column_text]<\/p>\n<h3><strong>Paso 2. Aplicacion del bol<\/strong><\/h3>\n<p>[\/vc_column_text][vc_empty_space height=\u00bb12px\u00bb image_repeat=\u00bbno-repeat\u00bb][vc_row_inner row_type=\u00bbrow\u00bb type=\u00bbgrid\u00bb use_row_as_full_screen_section_slide=\u00bbno\u00bb text_align=\u00bbleft\u00bb css_animation=\u00bb\u00bb box_shadow_on_row=\u00bbno\u00bb el_class=\u00bbriga-colonna-doppia\u00bb][vc_column_inner width=\u00bb1\/2&#8243;][vc_single_image image=\u00bb52718&#8243; img_size=\u00bbfull\u00bb qode_css_animation=\u00bb\u00bb el_class=\u00bbimage-bottom-margin\u00bb css=\u00bb.vc_custom_1595259829164{margin-bottom: 20px !important;}\u00bb][\/vc_column_inner][vc_column_inner width=\u00bb1\/2&#8243;][vc_column_text]<\/p>\n<p style=\"text-align: justify;\">El bol es un elemento indispensable en el dorado a l&#8217;agua, ya que con su poder adhesivo una vez mezclado con el pegamento, permite que la hoja se adhiera y bru\u00f1irla.<\/p>\n<p style=\"text-align: justify;\">Lo puedes encontrar en frascos de diferentes colores. Para el dorado, el rojo y el amarillo se usan t\u00edpicamente, mientras que el negro se usa para la plata.<br \/>\nLa considerable delgadez de las hojas implica que el color del bol usado modificar\u00e1 el tono final.<\/p>\n<p style=\"text-align: justify;\">Por lo tanto, al usar un bol de color rojo, el color final es m\u00e1s c\u00e1lido, mientras que al usar un color amarillo, el efecto final tiene un tono m\u00e1s claro.<\/p>\n<p style=\"text-align: justify;\">Una vez que se haya elegido el color del bol, ser\u00e1 necesario agregar la cola de pescado, disuelto en agua y siempre mantenido caliente.<\/p>\n<p style=\"text-align: justify;\">La mezcla asi obtenida es un fluido f\u00e1cil de aplicar con un pincel suave.<\/p>\n<p>[\/vc_column_text][\/vc_column_inner][\/vc_row_inner][vc_column_text]<\/p>\n<p style=\"text-align: justify;\">Cualquiera que sea el color final elegido, comenzamos dando una primera capa de pegamento mezclado con un poco de bol amarillo que, una vez seco, se cubrir\u00e1 con otras dos manos de bol amarillo, m\u00e1s si ha elegido el amarillo como color final. Si, por el contrario, es rojo el color elegido, a las dos capas de amarillo, agregaremos dos o tres capas de bol rojo, siempre preparadas de la misma manera. Tenga en cuenta que antes de aplicar una capa, la anterior debe secarse.<\/p>\n<p style=\"text-align: justify;\">Es \u00fatil filtrar la mezcla de bol con una gasa finamente tejida para eliminar por completo los grumos o inclusiones.<\/p>\n<p>[\/vc_column_text][vc_empty_space height=\u00bb45px\u00bb image_repeat=\u00bbno-repeat\u00bb][vc_column_text]<\/p>\n<h3><strong>Fase 3. El dorado<\/strong><\/h3>\n<p>[\/vc_column_text][vc_empty_space height=\u00bb12px\u00bb image_repeat=\u00bbno-repeat\u00bb][vc_row_inner row_type=\u00bbrow\u00bb type=\u00bbgrid\u00bb use_row_as_full_screen_section_slide=\u00bbno\u00bb text_align=\u00bbleft\u00bb css_animation=\u00bb\u00bb box_shadow_on_row=\u00bbno\u00bb el_class=\u00bbriga-colonna-doppia\u00bb][vc_column_inner width=\u00bb1\/2&#8243;][vc_column_text]<\/p>\n<p style=\"text-align: justify;\">Una vez que el bol se seca adecuadamente, podemos finalmente dorar. Se humedece un \u00e1rea de bol ligeramente m\u00e1s grande que la l\u00e1mina que se colocar\u00e1 y se deja que este \u00faltimo sea atra\u00eddo hacia la superficie. Si se necesitan m\u00e1s hojas doradas para cubrir el objeto, entonces es necesario hacer una peque\u00f1a superposici\u00f3n entre ellas.<\/p>\n<p>&nbsp;<\/p>\n<p style=\"text-align: justify;\">Dada la delicadeza del pan de oro y la necesidad de una limpieza completa de la superficie, es esencial que el medio ambiente est\u00e9 libre de polvo y corrientes sueltas!<\/p>\n<p>[\/vc_column_text][\/vc_column_inner][vc_column_inner width=\u00bb1\/2&#8243;][vc_single_image image=\u00bb52724&#8243; img_size=\u00bbfull\u00bb alignment=\u00bbright\u00bb qode_css_animation=\u00bb\u00bb el_class=\u00bbimage-top-margin\u00bb][\/vc_column_inner][\/vc_row_inner][vc_empty_space height=\u00bb45px\u00bb image_repeat=\u00bbno-repeat\u00bb][vc_column_text]<\/p>\n<h3><strong>Paso 4. Bru\u00f1ido<\/strong><\/h3>\n<p>[\/vc_column_text][vc_empty_space height=\u00bb12px\u00bb image_repeat=\u00bbno-repeat\u00bb][vc_row_inner row_type=\u00bbrow\u00bb type=\u00bbgrid\u00bb use_row_as_full_screen_section_slide=\u00bbno\u00bb text_align=\u00bbleft\u00bb css_animation=\u00bb\u00bb box_shadow_on_row=\u00bbno\u00bb el_class=\u00bbriga-colonna-doppia\u00bb][vc_column_inner width=\u00bb1\/2&#8243;][vc_single_image image=\u00bb52727&#8243; img_size=\u00bbfull\u00bb alignment=\u00bbright\u00bb qode_css_animation=\u00bb\u00bb el_class=\u00bbimage-bottom-margin\u00bb][\/vc_column_inner][vc_column_inner width=\u00bb1\/2&#8243;][vc_column_text]<\/p>\n<p style=\"text-align: justify;\">El bru\u00f1ido es la \u00faltima fase de este tipo de dorado y solo puede usarse para dorado. Esta operaci\u00f3n se realiza utilizando instrumentos especiales hechos con piedras de \u00e1gata de diferentes formas y tama\u00f1os montados en mangos de madera.<\/p>\n<p>&nbsp;<\/p>\n<p style=\"text-align: justify;\">Antes de bru\u00f1ir, es necesario limpiar el objeto dorado de las partes de las hojas que no se han adherido bien con un algod\u00f3n seco. Una vez hecho esto, la piedra se puede pasar sobre la superficie, siempre manteniendo la misma direcci\u00f3n y teniendo cuidado de pasar todos los puntos para homogeneizar el efecto final.<\/p>\n<p>[\/vc_column_text][\/vc_column_inner][\/vc_row_inner][\/vc_column][\/vc_row][vc_row row_type=\u00bbrow\u00bb use_row_as_full_screen_section=\u00bbno\u00bb type=\u00bbgrid\u00bb oblique_section=\u00bbno\u00bb text_align=\u00bbleft\u00bb padding_top=\u00bb60&#8243; padding_bottom=\u00bb40&#8243; css_animation=\u00bb\u00bb box_shadow_on_row=\u00bbno\u00bb][vc_column][vc_empty_space height=\u00bb60px\u00bb image_repeat=\u00bbno-repeat\u00bb][vc_column_text]<\/p>\n<h3 style=\"text-align: center;\"><strong>Productos relacionados<\/strong><\/h3>\n<p>[\/vc_column_text][vc_empty_space image_repeat=\u00bbno-repeat\u00bb][\/vc_column][vc_column el_class=\u00bbriga-box-tecniche\u00bb][vc_row_inner row_type=\u00bbrow\u00bb type=\u00bbfull_width\u00bb use_row_as_full_screen_section_slide=\u00bbno\u00bb text_align=\u00bbleft\u00bb css_animation=\u00bb\u00bb box_shadow_on_row=\u00bbno\u00bb][vc_column_inner width=\u00bb1\/3&#8243;]<div class=\"q_image_with_text_over  image_zoom fade_in \"><div class=\"shader\"  ><\/div><img decoding=\"async\" src=\"https:\/\/www.battiloro.it\/wp-content\/uploads\/2018\/05\/KT-24-ORO-PURO.png\" alt=\"Metales Preciosos\" \/><div class=\"front_holder\" ><div class=\"front_holder_inner\" style=\"\"><div class=\"front_holder_bottom\"><div class=\"front_holder_inner2\"><h2 class=\"front_title visible_holder\" style=\"font-size: 20px;\">Metales Preciosos<\/h2><span class=\"separator small animate\" style=\"border-width: 2px;\"><\/span> <div class=\"back_holder_new\"><a class=\"qbutton small\" href=\"\/es\/metales-preciosos\/\" target=\"_self\" style=\"\">Descubre m\u00e1s<\/a><\/div><\/div><\/div><\/div><\/div><\/div>[vc_empty_space image_repeat=\u00bbno-repeat\u00bb][\/vc_column_inner][vc_column_inner width=\u00bb1\/3&#8243;]<div class=\"q_image_with_text_over  image_zoom fade_in \"><div class=\"shader\"  ><\/div><img decoding=\"async\" src=\"https:\/\/www.battiloro.it\/wp-content\/uploads\/BOLO-SELHAMIN.jpg\" alt=\"Bol Selhamin\" \/><div class=\"front_holder\" ><div class=\"front_holder_inner\" style=\"\"><div class=\"front_holder_bottom\"><div class=\"front_holder_inner2\"><h2 class=\"front_title visible_holder\" style=\"font-size: 20px;\">Bol Selhamin<\/h2><span class=\"separator small animate\" style=\"border-width: 2px;\"><\/span> <div class=\"back_holder_new\"><a class=\"qbutton small\" href=\"\/es\/productos-auxiliarios\/bol-selhamin\/\" target=\"_self\" style=\"\">Descubre m\u00e1s<\/a><\/div><\/div><\/div><\/div><\/div><\/div>[vc_empty_space image_repeat=\u00bbno-repeat\u00bb][\/vc_column_inner][vc_column_inner width=\u00bb1\/3&#8243;]<div class=\"q_image_with_text_over  image_zoom fade_in \"><div class=\"shader\"  ><\/div><img decoding=\"async\" src=\"https:\/\/www.battiloro.it\/wp-content\/uploads\/PENNELLESSA.jpg\" alt=\"Polonesa\" \/><div class=\"front_holder\" ><div class=\"front_holder_inner\" style=\"\"><div class=\"front_holder_bottom\"><div class=\"front_holder_inner2\"><h2 class=\"front_title visible_holder\" style=\"font-size: 20px;\">Polonesa<\/h2><span class=\"separator small animate\" style=\"border-width: 2px;\"><\/span> <div class=\"back_holder_new\"><a class=\"qbutton small\" href=\"\/es\/herramientas-de-dorado\/polonesa-para-dorar\/\" target=\"_self\" style=\"\">Descubre m\u00e1s<\/a><\/div><\/div><\/div><\/div><\/div><\/div>[vc_empty_space image_repeat=\u00bbno-repeat\u00bb][\/vc_column_inner][\/vc_row_inner][\/vc_column][\/vc_row][vc_row row_type=\u00bbrow\u00bb use_row_as_full_screen_section=\u00bbno\u00bb type=\u00bbgrid\u00bb oblique_section=\u00bbno\u00bb text_align=\u00bbleft\u00bb padding_bottom=\u00bb30&#8243; css_animation=\u00bb\u00bb box_shadow_on_row=\u00bbno\u00bb][vc_column el_class=\u00bbriga-bottoni-tecniche\u00bb][vc_row_inner row_type=\u00bbrow\u00bb type=\u00bbfull_width\u00bb use_row_as_full_screen_section_slide=\u00bbno\u00bb text_align=\u00bbleft\u00bb css_animation=\u00bb\u00bb box_shadow_on_row=\u00bbno\u00bb][vc_column_inner width=\u00bb1\/2&#8243;]<a href=\"\/es\/productos-auxiliarios\/\" target=\"_self\"  class=\"qbutton  big_large_full_width icon_right\" style=\"\">Productos Dorados<\/a>[vc_empty_space image_repeat=\u00bbno-repeat\u00bb][\/vc_column_inner][vc_column_inner width=\u00bb1\/2&#8243;]<a href=\"\/es\/herramientas-de-dorado\/\" target=\"_self\"  class=\"qbutton  big_large_full_width icon_right\" style=\"\">Herramientas de Dorado<\/a>[vc_empty_space image_repeat=\u00bbno-repeat\u00bb][\/vc_column_inner][\/vc_row_inner][vc_empty_space height=\u00bb16px\u00bb image_repeat=\u00bbno-repeat\u00bb][\/vc_column][\/vc_row]<\/p>\n","protected":false},"excerpt":{"rendered":"<p>[vc_row row_type=\u00bbrow\u00bb use_row_as_full_screen_section=\u00bbno\u00bb type=\u00bbgrid\u00bb oblique_section=\u00bbno\u00bb text_align=\u00bbleft\u00bb padding_top=\u00bb60&#8243; padding_bottom=\u00bb40&#8243; css_animation=\u00bb\u00bb box_shadow_on_row=\u00bbno\u00bb][vc_column][vc_empty_space height=\u00bb20px\u00bb image_repeat=\u00bbno-repeat\u00bb][vc_column_text] Dorado a l&#8217;Agua [\/vc_column_text][vc_empty_space height=\u00bb20px\u00bb image_repeat=\u00bbno-repeat\u00bb][vc_column_text] El dorado de pan de oro es posible de dos maneras. El m\u00e1s antiguo, el m\u00e1s bello pero tambi\u00e9n el m\u00e1s largo y complejo es el dorado del agua.. Este dorado, gracias a la larga preparaci\u00f3n, permite resaltar el brillo y la calidad del oro. Es un proceso largo que consta de fases muy espec\u00edficas que se suceden: aplicaci\u00f3n de yeso, aplicaci\u00f3n del bol, dorado con las hojas y finalmente bru\u00f1ir. [\/vc_column_text][vc_empty_space height=\u00bb45px\u00bb image_repeat=\u00bbno-repeat\u00bb][vc_column_text] Paso 1. Aplicaci\u00f3n de Yeso [\/vc_column_text][vc_empty_space height=\u00bb12px\u00bb image_repeat=\u00bbno-repeat\u00bb][vc_row_inner row_type=\u00bbrow\u00bb type=\u00bbgrid\u00bb use_row_as_full_screen_section_slide=\u00bbno\u00bb text_align=\u00bbleft\u00bb css_animation=\u00bb\u00bb box_shadow_on_row=\u00bbno\u00bb el_id=\u00bbammannitura\u00bb][vc_column_inner][vc_column_text] La aplicacion del yeso es la primera fase de la que depende un buen resultado. La cola de conejo es necesaria para la&#8230;<\/p>\n","protected":false},"author":1,"featured_media":0,"parent":0,"menu_order":0,"comment_status":"closed","ping_status":"closed","template":"","meta":{"footnotes":""},"class_list":["post-53749","page","type-page","status-publish","hentry"],"_links":{"self":[{"href":"https:\/\/www.battiloro.it\/es\/wp-json\/wp\/v2\/pages\/53749","targetHints":{"allow":["GET"]}}],"collection":[{"href":"https:\/\/www.battiloro.it\/es\/wp-json\/wp\/v2\/pages"}],"about":[{"href":"https:\/\/www.battiloro.it\/es\/wp-json\/wp\/v2\/types\/page"}],"author":[{"embeddable":true,"href":"https:\/\/www.battiloro.it\/es\/wp-json\/wp\/v2\/users\/1"}],"replies":[{"embeddable":true,"href":"https:\/\/www.battiloro.it\/es\/wp-json\/wp\/v2\/comments?post=53749"}],"version-history":[{"count":5,"href":"https:\/\/www.battiloro.it\/es\/wp-json\/wp\/v2\/pages\/53749\/revisions"}],"predecessor-version":[{"id":53851,"href":"https:\/\/www.battiloro.it\/es\/wp-json\/wp\/v2\/pages\/53749\/revisions\/53851"}],"wp:attachment":[{"href":"https:\/\/www.battiloro.it\/es\/wp-json\/wp\/v2\/media?parent=53749"}],"curies":[{"name":"wp","href":"https:\/\/api.w.org\/{rel}","templated":true}]}}