{"id":53695,"date":"2020-07-29T14:31:00","date_gmt":"2020-07-29T13:31:00","guid":{"rendered":"https:\/\/www.battiloro.it\/oro-imitacion-aluminio-cobre\/polvos-de-metal\/"},"modified":"2020-07-30T13:37:21","modified_gmt":"2020-07-30T12:37:21","slug":"polvos-de-metal","status":"publish","type":"page","link":"https:\/\/www.battiloro.it\/es\/oro-imitacion-aluminio-cobre\/polvos-de-metal\/","title":{"rendered":"Polvos de Metal"},"content":{"rendered":"<p>[vc_row row_type=\u00bbrow\u00bb use_row_as_full_screen_section=\u00bbno\u00bb type=\u00bbgrid\u00bb oblique_section=\u00bbno\u00bb text_align=\u00bbleft\u00bb css_animation=\u00bb\u00bb box_shadow_on_row=\u00bbno\u00bb][vc_column][vc_empty_space height=\u00bb20px\u00bb image_repeat=\u00bbno-repeat\u00bb][vc_column_text]<\/p>\n<h1 style=\"text-align: left;\">Polvos de Metal<\/h1>\n<p>[\/vc_column_text][vc_empty_space height=\u00bb20px\u00bb image_repeat=\u00bbno-repeat\u00bb][vc_column_text]<\/p>\n<p style=\"text-align: left;\">Estos son polvos met\u00e1licos que se pueden usar en dorado en polvo, para peque\u00f1os retoques o para hacer barnices dorados.<\/p>\n<p style=\"text-align: left;\">Todos nuestros polvos tambi\u00e9n se pueden solicitar como barniz listo para usar.<\/p>\n<p style=\"text-align: left;\"><strong>EMBALAJE: 0.5 &#8211; 1 &#8211; 5 &#8211; 25 Kg<\/strong><\/p>\n<p>[\/vc_column_text][vc_empty_space height=\u00bb45px\u00bb image_repeat=\u00bbno-repeat\u00bb][\/vc_column][vc_column width=\u00bb1\/4&#8243;][vc_single_image image=\u00bb52901&#8243; img_size=\u00bbfull\u00bb alignment=\u00bbcenter\u00bb qode_css_animation=\u00bb\u00bb][vc_empty_space height=\u00bb20px\u00bb image_repeat=\u00bbno-repeat\u00bb][vc_column_text el_class=\u00bbtesto-porpora\u00bb]<\/p>\n<p style=\"font-family: Lora, sans-serif; font-size: 16px; line-height: 36px; letter-spacing: 0px; font-weight: 500; font-style: italic; text-transform: uppercase; color: #2f2e2e; text-align: center;\">POLVO ALUMINIO<\/p>\n<p>[\/vc_column_text][vc_empty_space height=\u00bb45px\u00bb image_repeat=\u00bbno-repeat\u00bb][\/vc_column][vc_column width=\u00bb1\/4&#8243;][vc_single_image image=\u00bb52877&#8243; img_size=\u00bbfull\u00bb alignment=\u00bbcenter\u00bb qode_css_animation=\u00bb\u00bb][vc_empty_space height=\u00bb20px\u00bb image_repeat=\u00bbno-repeat\u00bb][vc_column_text el_class=\u00bbtesto-porpora\u00bb]<\/p>\n<p style=\"font-family: Lora, sans-serif; font-size: 16px; line-height: 36px; letter-spacing: 0px; font-weight: 500; font-style: italic; text-transform: uppercase; color: #2f2e2e; text-align: center;\">POLVO COLOR 2<\/p>\n<p>[\/vc_column_text][vc_empty_space height=\u00bb45px\u00bb image_repeat=\u00bbno-repeat\u00bb][\/vc_column][vc_column width=\u00bb1\/4&#8243;][vc_single_image image=\u00bb52880&#8243; img_size=\u00bbfull\u00bb alignment=\u00bbcenter\u00bb qode_css_animation=\u00bb\u00bb][vc_empty_space height=\u00bb20px\u00bb image_repeat=\u00bbno-repeat\u00bb][vc_column_text el_class=\u00bbtesto-porpora\u00bb]<\/p>\n<p style=\"font-family: Lora, sans-serif; font-size: 16px; line-height: 36px; letter-spacing: 0px; font-weight: 500; font-style: italic; text-transform: uppercase; color: #2f2e2e; text-align: center;\">POLVO DUCATO<\/p>\n<p>[\/vc_column_text][vc_empty_space height=\u00bb45px\u00bb image_repeat=\u00bbno-repeat\u00bb][\/vc_column][vc_column width=\u00bb1\/4&#8243;][vc_single_image image=\u00bb52883&#8243; img_size=\u00bbfull\u00bb alignment=\u00bbcenter\u00bb qode_css_animation=\u00bb\u00bb][vc_empty_space height=\u00bb20px\u00bb image_repeat=\u00bbno-repeat\u00bb][vc_column_text el_class=\u00bbtesto-porpora\u00bb]<\/p>\n<p style=\"font-family: Lora, sans-serif; font-size: 16px; line-height: 36px; letter-spacing: 0px; font-weight: 500; font-style: italic; text-transform: uppercase; color: #2f2e2e; text-align: center;\">POLVO PALIDO<\/p>\n<p>[\/vc_column_text][vc_empty_space height=\u00bb45px\u00bb image_repeat=\u00bbno-repeat\u00bb][\/vc_column][vc_column width=\u00bb1\/4&#8243;][vc_single_image image=\u00bb52895&#8243; img_size=\u00bbfull\u00bb alignment=\u00bbcenter\u00bb qode_css_animation=\u00bb\u00bb][vc_empty_space height=\u00bb20px\u00bb image_repeat=\u00bbno-repeat\u00bb][vc_column_text el_class=\u00bbtesto-porpora\u00bb]<\/p>\n<p style=\"font-family: Lora, sans-serif; font-size: 16px; line-height: 36px; letter-spacing: 0px; font-weight: 500; font-style: italic; text-transform: uppercase; color: #2f2e2e; text-align: center;\">POLVO RICO PALIDO<\/p>\n<p>[\/vc_column_text][vc_empty_space height=\u00bb45px\u00bb image_repeat=\u00bbno-repeat\u00bb][\/vc_column][vc_column width=\u00bb1\/4&#8243;][vc_single_image image=\u00bb52889&#8243; img_size=\u00bbfull\u00bb alignment=\u00bbcenter\u00bb qode_css_animation=\u00bb\u00bb][vc_empty_space height=\u00bb20px\u00bb image_repeat=\u00bbno-repeat\u00bb][vc_column_text el_class=\u00bbtesto-porpora\u00bb]<\/p>\n<p style=\"font-family: Lora, sans-serif; font-size: 16px; line-height: 36px; letter-spacing: 0px; font-weight: 500; font-style: italic; text-transform: uppercase; color: #2f2e2e; text-align: center;\">POLVO COBRE<\/p>\n<p>[\/vc_column_text][vc_empty_space height=\u00bb45px\u00bb image_repeat=\u00bbno-repeat\u00bb][\/vc_column][vc_column width=\u00bb1\/4&#8243;][vc_single_image image=\u00bb52892&#8243; img_size=\u00bbfull\u00bb alignment=\u00bbcenter\u00bb qode_css_animation=\u00bb\u00bb][vc_empty_space height=\u00bb20px\u00bb image_repeat=\u00bbno-repeat\u00bb][vc_column_text el_class=\u00bbtesto-porpora\u00bb]<\/p>\n<p style=\"font-family: Lora, sans-serif; font-size: 16px; line-height: 36px; letter-spacing: 0px; font-weight: 500; font-style: italic; text-transform: uppercase; color: #2f2e2e; text-align: center;\">POLVO RICO<\/p>\n<p>[\/vc_column_text][vc_empty_space height=\u00bb45px\u00bb image_repeat=\u00bbno-repeat\u00bb][\/vc_column][vc_column width=\u00bb1\/4&#8243;][vc_single_image image=\u00bb52886&#8243; img_size=\u00bbfull\u00bb alignment=\u00bbcenter\u00bb qode_css_animation=\u00bb\u00bb][vc_empty_space height=\u00bb20px\u00bb image_repeat=\u00bbno-repeat\u00bb][vc_column_text el_class=\u00bbtesto-porpora\u00bb]<\/p>\n<p style=\"font-family: Lora, sans-serif; font-size: 16px; line-height: 36px; letter-spacing: 0px; font-weight: 500; font-style: italic; text-transform: uppercase; color: #2f2e2e; text-align: center;\">POLVO PALIDO CLARO<\/p>\n<p>[\/vc_column_text][vc_empty_space height=\u00bb45px\u00bb image_repeat=\u00bbno-repeat\u00bb][\/vc_column][vc_column width=\u00bb1\/4&#8243;][vc_single_image image=\u00bb52898&#8243; img_size=\u00bbfull\u00bb alignment=\u00bbcenter\u00bb qode_css_animation=\u00bb\u00bb][vc_empty_space height=\u00bb20px\u00bb image_repeat=\u00bbno-repeat\u00bb][vc_column_text el_class=\u00bbtesto-porpora\u00bb]<\/p>\n<p style=\"font-family: Lora, sans-serif; font-size: 16px; line-height: 36px; letter-spacing: 0px; font-weight: 500; font-style: italic; text-transform: uppercase; color: #2f2e2e; text-align: center;\">POLVO ZECCHINO<\/p>\n<p>[\/vc_column_text][vc_empty_space height=\u00bb45px\u00bb image_repeat=\u00bbno-repeat\u00bb][\/vc_column][\/vc_row]<\/p>\n","protected":false},"excerpt":{"rendered":"<p>[vc_row row_type=\u00bbrow\u00bb use_row_as_full_screen_section=\u00bbno\u00bb type=\u00bbgrid\u00bb oblique_section=\u00bbno\u00bb text_align=\u00bbleft\u00bb css_animation=\u00bb\u00bb box_shadow_on_row=\u00bbno\u00bb][vc_column][vc_empty_space height=\u00bb20px\u00bb image_repeat=\u00bbno-repeat\u00bb][vc_column_text] Polvos de Metal [\/vc_column_text][vc_empty_space height=\u00bb20px\u00bb image_repeat=\u00bbno-repeat\u00bb][vc_column_text] Estos son polvos met\u00e1licos que se pueden usar en dorado en polvo, para peque\u00f1os retoques o para hacer barnices dorados. Todos nuestros polvos tambi\u00e9n se pueden solicitar como barniz listo para usar. EMBALAJE: 0.5 &#8211; 1 &#8211; 5 &#8211; 25 Kg [\/vc_column_text][vc_empty_space height=\u00bb45px\u00bb image_repeat=\u00bbno-repeat\u00bb][\/vc_column][vc_column width=\u00bb1\/4&#8243;][vc_single_image image=\u00bb52901&#8243; img_size=\u00bbfull\u00bb alignment=\u00bbcenter\u00bb qode_css_animation=\u00bb\u00bb][vc_empty_space height=\u00bb20px\u00bb image_repeat=\u00bbno-repeat\u00bb][vc_column_text el_class=\u00bbtesto-porpora\u00bb] POLVO ALUMINIO [\/vc_column_text][vc_empty_space height=\u00bb45px\u00bb image_repeat=\u00bbno-repeat\u00bb][\/vc_column][vc_column width=\u00bb1\/4&#8243;][vc_single_image image=\u00bb52877&#8243; img_size=\u00bbfull\u00bb alignment=\u00bbcenter\u00bb qode_css_animation=\u00bb\u00bb][vc_empty_space height=\u00bb20px\u00bb image_repeat=\u00bbno-repeat\u00bb][vc_column_text el_class=\u00bbtesto-porpora\u00bb] POLVO COLOR 2 [\/vc_column_text][vc_empty_space height=\u00bb45px\u00bb image_repeat=\u00bbno-repeat\u00bb][\/vc_column][vc_column width=\u00bb1\/4&#8243;][vc_single_image image=\u00bb52880&#8243; img_size=\u00bbfull\u00bb alignment=\u00bbcenter\u00bb qode_css_animation=\u00bb\u00bb][vc_empty_space height=\u00bb20px\u00bb image_repeat=\u00bbno-repeat\u00bb][vc_column_text el_class=\u00bbtesto-porpora\u00bb] POLVO DUCATO [\/vc_column_text][vc_empty_space height=\u00bb45px\u00bb image_repeat=\u00bbno-repeat\u00bb][\/vc_column][vc_column width=\u00bb1\/4&#8243;][vc_single_image image=\u00bb52883&#8243; img_size=\u00bbfull\u00bb alignment=\u00bbcenter\u00bb qode_css_animation=\u00bb\u00bb][vc_empty_space height=\u00bb20px\u00bb image_repeat=\u00bbno-repeat\u00bb][vc_column_text el_class=\u00bbtesto-porpora\u00bb] POLVO PALIDO [\/vc_column_text][vc_empty_space height=\u00bb45px\u00bb image_repeat=\u00bbno-repeat\u00bb][\/vc_column][vc_column width=\u00bb1\/4&#8243;][vc_single_image image=\u00bb52895&#8243; img_size=\u00bbfull\u00bb alignment=\u00bbcenter\u00bb qode_css_animation=\u00bb\u00bb][vc_empty_space height=\u00bb20px\u00bb image_repeat=\u00bbno-repeat\u00bb][vc_column_text el_class=\u00bbtesto-porpora\u00bb] POLVO RICO PALIDO [\/vc_column_text][vc_empty_space height=\u00bb45px\u00bb image_repeat=\u00bbno-repeat\u00bb][\/vc_column][vc_column width=\u00bb1\/4&#8243;][vc_single_image image=\u00bb52889&#8243; img_size=\u00bbfull\u00bb&#8230;<\/p>\n","protected":false},"author":1,"featured_media":0,"parent":53677,"menu_order":0,"comment_status":"closed","ping_status":"closed","template":"","meta":{"footnotes":""},"class_list":["post-53695","page","type-page","status-publish","hentry"],"_links":{"self":[{"href":"https:\/\/www.battiloro.it\/es\/wp-json\/wp\/v2\/pages\/53695","targetHints":{"allow":["GET"]}}],"collection":[{"href":"https:\/\/www.battiloro.it\/es\/wp-json\/wp\/v2\/pages"}],"about":[{"href":"https:\/\/www.battiloro.it\/es\/wp-json\/wp\/v2\/types\/page"}],"author":[{"embeddable":true,"href":"https:\/\/www.battiloro.it\/es\/wp-json\/wp\/v2\/users\/1"}],"replies":[{"embeddable":true,"href":"https:\/\/www.battiloro.it\/es\/wp-json\/wp\/v2\/comments?post=53695"}],"version-history":[{"count":3,"href":"https:\/\/www.battiloro.it\/es\/wp-json\/wp\/v2\/pages\/53695\/revisions"}],"predecessor-version":[{"id":53698,"href":"https:\/\/www.battiloro.it\/es\/wp-json\/wp\/v2\/pages\/53695\/revisions\/53698"}],"up":[{"embeddable":true,"href":"https:\/\/www.battiloro.it\/es\/wp-json\/wp\/v2\/pages\/53677"}],"wp:attachment":[{"href":"https:\/\/www.battiloro.it\/es\/wp-json\/wp\/v2\/media?parent=53695"}],"curies":[{"name":"wp","href":"https:\/\/api.w.org\/{rel}","templated":true}]}}