{"id":53643,"date":"2020-07-29T11:47:53","date_gmt":"2020-07-29T10:47:53","guid":{"rendered":"https:\/\/www.battiloro.it\/metales-preciosos\/escamas\/"},"modified":"2020-07-30T13:31:13","modified_gmt":"2020-07-30T12:31:13","slug":"escamas","status":"publish","type":"page","link":"https:\/\/www.battiloro.it\/es\/metales-preciosos\/escamas\/","title":{"rendered":"Escamas"},"content":{"rendered":"<p>[vc_row row_type=\u00bbrow\u00bb use_row_as_full_screen_section=\u00bbno\u00bb type=\u00bbfull_width\u00bb oblique_section=\u00bbno\u00bb text_align=\u00bbleft\u00bb css_animation=\u00bb\u00bb box_shadow_on_row=\u00bbno\u00bb][vc_column][vc_empty_space height=\u00bb20px\u00bb image_repeat=\u00bbno-repeat\u00bb][vc_column_text]<\/p>\n<h1 style=\"text-align: left;\">Escamas<\/h1>\n<p>[\/vc_column_text][vc_empty_space height=\u00bb20px\u00bb image_repeat=\u00bbno-repeat\u00bb][vc_column_text]<\/p>\n<p style=\"text-align: left;\">Los copos se hacen con la s\u00e1bana rota y se reducen al tama\u00f1o de una u\u00f1a. El uso principal es para alimentos y cosm\u00e9ticos, pero tambi\u00e9n se usa para hacer dorados especiales.<\/p>\n<p><em><strong>EMBALAJE: Tarro de 1 gr. hasta 20 gr.<\/strong><\/em>[\/vc_column_text][vc_empty_space height=\u00bb45px\u00bb image_repeat=\u00bbno-repeat\u00bb]<div class=\"woocommerce columns-4 \">\n<ul class=\"products clearfix type1 hover_type1 \">\n\t<li class=\"post-53655 product type-product status-publish has-post-thumbnail hentry product_cat-b-b-es product_cat-metales-preciosos\">\n\t\t\t\t\t<div class=\"top-product-section\">\n\t\t\t\t<a href=\"https:\/\/www.battiloro.it\/es\/metales-preciosos\/kt-23-3-4-oro-naranja\/\">\n\t\t\t\t\t<span class=\"image-wrapper\">\n\t\t\t\t\t\t\t\t\t\t<\/span>\n\t\t\t\t<\/a>\n\t\t\t\t<div class=\"product_image_overlay\"><\/div><div class=\"add-to-cart-button-outer\"><div class=\"add-to-cart-button-inner\"><div class=\"add-to-cart-button-inner2\"><a class=\"product_link_over\" href=\"https:\/\/www.battiloro.it\/es\/metales-preciosos\/kt-23-3-4-oro-naranja\/\"><\/a><a rel=\"nofollow\" href=\"https:\/\/www.battiloro.it\/es\/metales-preciosos\/kt-23-3-4-oro-naranja\/\" data-quantity=\"1\" data-product_id=\"53655\" data-product_sku=\"\" class=\"qbutton add-to-cart-button button product_type_simple\">Read more<\/a><\/div><\/div><\/div>\t\t\t<\/div>\n\t\t\t<div class=\"product_info_box\">\n\t\t\t\t<span class=\"product-categories\">\n\t\t\t\t\t<a href=\"https:\/\/www.battiloro.it\/es\/categor\u00eda-producto\/b-b-es\/\" rel=\"tag\">b\/b<\/a>, <a href=\"https:\/\/www.battiloro.it\/es\/categor\u00eda-producto\/metales-preciosos\/\" rel=\"tag\">Metales Preciosos<\/a>\t\t\t\t<\/span>\n\t\t\t\t<a href=\"https:\/\/www.battiloro.it\/es\/metales-preciosos\/kt-23-3-4-oro-naranja\/\" class=\"product-category\">            \n\t\t\t\t\t<span class=\"product-title\">KT 23 3\/4 Oro Naranja<\/span>\n\t\t\t\t<\/a>\n\t\t\t\t\t\t\t\t<div class=\"shop_price_lightbox_holder\">\n\t\t\t\t\t\n\n    <div class=\"star-rating\">\n        <span style=\"width: 0%\"><\/span>\n    <\/div>\n\t\t\t\t\t\t\t\t\t<\/div>\t\t\t\t\n\t\t\t<\/div>\n\t\t\t\t<\/li>\n\n\n\t<li class=\"post-53659 product type-product status-publish has-post-thumbnail hentry product_cat-almeja product_cat-b-b-es product_cat-hoja-transfer product_cat-polvo-oro\">\n\t\t\t\t\t<div class=\"top-product-section\">\n\t\t\t\t<a href=\"https:\/\/www.battiloro.it\/es\/metales-preciosos\/kt-23-oro-russia\/\">\n\t\t\t\t\t<span class=\"image-wrapper\">\n\t\t\t\t\t\t\t\t\t\t<\/span>\n\t\t\t\t<\/a>\n\t\t\t\t<div class=\"product_image_overlay\"><\/div><div class=\"add-to-cart-button-outer\"><div class=\"add-to-cart-button-inner\"><div class=\"add-to-cart-button-inner2\"><a class=\"product_link_over\" href=\"https:\/\/www.battiloro.it\/es\/metales-preciosos\/kt-23-oro-russia\/\"><\/a><a rel=\"nofollow\" href=\"https:\/\/www.battiloro.it\/es\/metales-preciosos\/kt-23-oro-russia\/\" data-quantity=\"1\" data-product_id=\"53659\" data-product_sku=\"\" class=\"qbutton add-to-cart-button button product_type_simple\">Read more<\/a><\/div><\/div><\/div>\t\t\t<\/div>\n\t\t\t<div class=\"product_info_box\">\n\t\t\t\t<span class=\"product-categories\">\n\t\t\t\t\t<a href=\"https:\/\/www.battiloro.it\/es\/categor\u00eda-producto\/almeja\/\" rel=\"tag\">Almeja<\/a>, <a href=\"https:\/\/www.battiloro.it\/es\/categor\u00eda-producto\/almeja\/\" rel=\"tag\">Almeja<\/a>, <a href=\"https:\/\/www.battiloro.it\/es\/categor\u00eda-producto\/almeja\/\" rel=\"tag\">Almeja<\/a>, <a href=\"https:\/\/www.battiloro.it\/es\/categor\u00eda-producto\/almeja\/\" rel=\"tag\">Almeja<\/a>, <a href=\"https:\/\/www.battiloro.it\/es\/categor\u00eda-producto\/b-b-es\/\" rel=\"tag\">b\/b<\/a>, <a href=\"https:\/\/www.battiloro.it\/es\/categor\u00eda-producto\/b-b-es\/\" rel=\"tag\">b\/b<\/a>, <a href=\"https:\/\/www.battiloro.it\/es\/categor\u00eda-producto\/b-b-es\/\" rel=\"tag\">b\/b<\/a>, <a href=\"https:\/\/www.battiloro.it\/es\/categor\u00eda-producto\/hoja-transfer\/\" rel=\"tag\">Hoja Transfer<\/a>, <a href=\"https:\/\/www.battiloro.it\/es\/categor\u00eda-producto\/hoja-transfer\/\" rel=\"tag\">Hoja Transfer<\/a>, <a href=\"https:\/\/www.battiloro.it\/es\/categor\u00eda-producto\/hoja-transfer\/\" rel=\"tag\">Hoja Transfer<\/a>, <a href=\"https:\/\/www.battiloro.it\/es\/categor\u00eda-producto\/hoja-transfer\/\" rel=\"tag\">Hoja Transfer<\/a>, <a href=\"https:\/\/www.battiloro.it\/es\/categor\u00eda-producto\/hoja-transfer\/\" rel=\"tag\">Hoja Transfer<\/a>, <a href=\"https:\/\/www.battiloro.it\/es\/categor\u00eda-producto\/hoja-transfer\/\" rel=\"tag\">Hoja Transfer<\/a>, <a href=\"https:\/\/www.battiloro.it\/es\/categor\u00eda-producto\/polvo-oro\/\" rel=\"tag\">Polvo<\/a>, <a href=\"https:\/\/www.battiloro.it\/es\/categor\u00eda-producto\/polvo-oro\/\" rel=\"tag\">Polvo<\/a>, <a href=\"https:\/\/www.battiloro.it\/es\/categor\u00eda-producto\/polvo-oro\/\" rel=\"tag\">Polvo<\/a>, <a href=\"https:\/\/www.battiloro.it\/es\/categor\u00eda-producto\/polvo-oro\/\" rel=\"tag\">Polvo<\/a>, <a href=\"https:\/\/www.battiloro.it\/es\/categor\u00eda-producto\/polvo-oro\/\" rel=\"tag\">Polvo<\/a>, <a href=\"https:\/\/www.battiloro.it\/es\/categor\u00eda-producto\/polvo-oro\/\" rel=\"tag\">Polvo<\/a>\t\t\t\t<\/span>\n\t\t\t\t<a href=\"https:\/\/www.battiloro.it\/es\/metales-preciosos\/kt-23-oro-russia\/\" class=\"product-category\">            \n\t\t\t\t\t<span class=\"product-title\">KT 23 Oro Russia<\/span>\n\t\t\t\t<\/a>\n\t\t\t\t\t\t\t\t<div class=\"shop_price_lightbox_holder\">\n\t\t\t\t\t\n\n    <div class=\"star-rating\">\n        <span style=\"width: 0%\"><\/span>\n    <\/div>\n\t\t\t\t\t\t\t\t\t<\/div>\t\t\t\t\n\t\t\t<\/div>\n\t\t\t\t<\/li>\n\n\n\t<li class=\"post-53669 product type-product status-publish has-post-thumbnail hentry product_cat-hoja-libre product_cat-polvo-oro\">\n\t\t\t\t\t<div class=\"top-product-section\">\n\t\t\t\t<a href=\"https:\/\/www.battiloro.it\/es\/metales-preciosos\/kt-23-oro-alimenticio\/\">\n\t\t\t\t\t<span class=\"image-wrapper\">\n\t\t\t\t\t\t\t\t\t\t<\/span>\n\t\t\t\t<\/a>\n\t\t\t\t<div class=\"product_image_overlay\"><\/div><div class=\"add-to-cart-button-outer\"><div class=\"add-to-cart-button-inner\"><div class=\"add-to-cart-button-inner2\"><a class=\"product_link_over\" href=\"https:\/\/www.battiloro.it\/es\/metales-preciosos\/kt-23-oro-alimenticio\/\"><\/a><a rel=\"nofollow\" href=\"https:\/\/www.battiloro.it\/es\/metales-preciosos\/kt-23-oro-alimenticio\/\" data-quantity=\"1\" data-product_id=\"53669\" data-product_sku=\"\" class=\"qbutton add-to-cart-button button product_type_simple\">Read more<\/a><\/div><\/div><\/div>\t\t\t<\/div>\n\t\t\t<div class=\"product_info_box\">\n\t\t\t\t<span class=\"product-categories\">\n\t\t\t\t\t<a href=\"https:\/\/www.battiloro.it\/es\/categor\u00eda-producto\/hoja-libre\/\" rel=\"tag\">Hoja Libre<\/a>, <a href=\"https:\/\/www.battiloro.it\/es\/categor\u00eda-producto\/polvo-oro\/\" rel=\"tag\">Polvo<\/a>\t\t\t\t<\/span>\n\t\t\t\t<a href=\"https:\/\/www.battiloro.it\/es\/metales-preciosos\/kt-23-oro-alimenticio\/\" class=\"product-category\">            \n\t\t\t\t\t<span class=\"product-title\">KT 23 Oro Alimenticio<\/span>\n\t\t\t\t<\/a>\n\t\t\t\t\t\t\t\t<div class=\"shop_price_lightbox_holder\">\n\t\t\t\t\t\n\n    <div class=\"star-rating\">\n        <span style=\"width: 0%\"><\/span>\n    <\/div>\n\t\t\t\t\t\t\t\t\t<\/div>\t\t\t\t\n\t\t\t<\/div>\n\t\t\t\t<\/li>\n\n\n\t<li class=\"post-53675 product type-product status-publish has-post-thumbnail hentry product_cat-almeja product_cat-hoja-libre product_cat-shabin-es\">\n\t\t\t\t\t<div class=\"top-product-section\">\n\t\t\t\t<a href=\"https:\/\/www.battiloro.it\/es\/metales-preciosos\/kt-22-oro-pajizo\/\">\n\t\t\t\t\t<span class=\"image-wrapper\">\n\t\t\t\t\t\t\t\t\t\t<\/span>\n\t\t\t\t<\/a>\n\t\t\t\t<div class=\"product_image_overlay\"><\/div><div class=\"add-to-cart-button-outer\"><div class=\"add-to-cart-button-inner\"><div class=\"add-to-cart-button-inner2\"><a class=\"product_link_over\" href=\"https:\/\/www.battiloro.it\/es\/metales-preciosos\/kt-22-oro-pajizo\/\"><\/a><a rel=\"nofollow\" href=\"https:\/\/www.battiloro.it\/es\/metales-preciosos\/kt-22-oro-pajizo\/\" data-quantity=\"1\" data-product_id=\"53675\" data-product_sku=\"\" class=\"qbutton add-to-cart-button button product_type_simple\">Read more<\/a><\/div><\/div><\/div>\t\t\t<\/div>\n\t\t\t<div class=\"product_info_box\">\n\t\t\t\t<span class=\"product-categories\">\n\t\t\t\t\t<a href=\"https:\/\/www.battiloro.it\/es\/categor\u00eda-producto\/almeja\/\" rel=\"tag\">Almeja<\/a>, <a href=\"https:\/\/www.battiloro.it\/es\/categor\u00eda-producto\/hoja-libre\/\" rel=\"tag\">Hoja Libre<\/a>, <a href=\"https:\/\/www.battiloro.it\/es\/categor\u00eda-producto\/hoja-libre\/\" rel=\"tag\">Hoja Libre<\/a>, <a href=\"https:\/\/www.battiloro.it\/es\/categor\u00eda-producto\/hoja-libre\/\" rel=\"tag\">Hoja Libre<\/a>, <a href=\"https:\/\/www.battiloro.it\/es\/categor\u00eda-producto\/hoja-libre\/\" rel=\"tag\">Hoja Libre<\/a>, <a href=\"https:\/\/www.battiloro.it\/es\/categor\u00eda-producto\/hoja-libre\/\" rel=\"tag\">Hoja Libre<\/a>, <a href=\"https:\/\/www.battiloro.it\/es\/categor\u00eda-producto\/hoja-libre\/\" rel=\"tag\">Hoja Libre<\/a>, <a href=\"https:\/\/www.battiloro.it\/es\/categor\u00eda-producto\/shabin-es\/\" rel=\"tag\">Shabin<\/a>, <a href=\"https:\/\/www.battiloro.it\/es\/categor\u00eda-producto\/shabin-es\/\" rel=\"tag\">Shabin<\/a>, <a href=\"https:\/\/www.battiloro.it\/es\/categor\u00eda-producto\/shabin-es\/\" rel=\"tag\">Shabin<\/a>, <a href=\"https:\/\/www.battiloro.it\/es\/categor\u00eda-producto\/shabin-es\/\" rel=\"tag\">Shabin<\/a>, <a href=\"https:\/\/www.battiloro.it\/es\/categor\u00eda-producto\/shabin-es\/\" rel=\"tag\">Shabin<\/a>, <a href=\"https:\/\/www.battiloro.it\/es\/categor\u00eda-producto\/shabin-es\/\" rel=\"tag\">Shabin<\/a>\t\t\t\t<\/span>\n\t\t\t\t<a href=\"https:\/\/www.battiloro.it\/es\/metales-preciosos\/kt-22-oro-pajizo\/\" class=\"product-category\">            \n\t\t\t\t\t<span class=\"product-title\">Kt 22 Oro Pajizo<\/span>\n\t\t\t\t<\/a>\n\t\t\t\t\t\t\t\t<div class=\"shop_price_lightbox_holder\">\n\t\t\t\t\t\n\n    <div class=\"star-rating\">\n        <span style=\"width: 0%\"><\/span>\n    <\/div>\n\t\t\t\t\t\t\t\t\t<\/div>\t\t\t\t\n\t\t\t<\/div>\n\t\t\t\t<\/li>\n\n\n\t<li class=\"post-53673 product type-product status-publish has-post-thumbnail hentry\">\n\t\t\t\t\t<div class=\"top-product-section\">\n\t\t\t\t<a href=\"https:\/\/www.battiloro.it\/es\/metales-preciosos\/kt-22-oro-alimenticio\/\">\n\t\t\t\t\t<span class=\"image-wrapper\">\n\t\t\t\t\t\t\t\t\t\t<\/span>\n\t\t\t\t<\/a>\n\t\t\t\t<div class=\"product_image_overlay\"><\/div><div class=\"add-to-cart-button-outer\"><div class=\"add-to-cart-button-inner\"><div class=\"add-to-cart-button-inner2\"><a class=\"product_link_over\" href=\"https:\/\/www.battiloro.it\/es\/metales-preciosos\/kt-22-oro-alimenticio\/\"><\/a><a rel=\"nofollow\" href=\"https:\/\/www.battiloro.it\/es\/metales-preciosos\/kt-22-oro-alimenticio\/\" data-quantity=\"1\" data-product_id=\"53673\" data-product_sku=\"\" class=\"qbutton add-to-cart-button button product_type_simple\">Read more<\/a><\/div><\/div><\/div>\t\t\t<\/div>\n\t\t\t<div class=\"product_info_box\">\n\t\t\t\t<span class=\"product-categories\">\n\t\t\t\t\t\t\t\t\t<\/span>\n\t\t\t\t<a href=\"https:\/\/www.battiloro.it\/es\/metales-preciosos\/kt-22-oro-alimenticio\/\" class=\"product-category\">            \n\t\t\t\t\t<span class=\"product-title\">KT 22 Oro Alimenticio<\/span>\n\t\t\t\t<\/a>\n\t\t\t\t\t\t\t\t<div class=\"shop_price_lightbox_holder\">\n\t\t\t\t\t\n\n    <div class=\"star-rating\">\n        <span style=\"width: 0%\"><\/span>\n    <\/div>\n\t\t\t\t\t\t\t\t\t<\/div>\t\t\t\t\n\t\t\t<\/div>\n\t\t\t\t<\/li>\n\n\n\t<li class=\"post-53661 product type-product status-publish has-post-thumbnail hentry product_cat-escamas product_cat-hoja-transfer product_cat-metales-preciosos\">\n\t\t\t\t\t<div class=\"top-product-section\">\n\t\t\t\t<a href=\"https:\/\/www.battiloro.it\/es\/metales-preciosos\/kt-18-oro-verde\/\">\n\t\t\t\t\t<span class=\"image-wrapper\">\n\t\t\t\t\t\t\t\t\t\t<\/span>\n\t\t\t\t<\/a>\n\t\t\t\t<div class=\"product_image_overlay\"><\/div><div class=\"add-to-cart-button-outer\"><div class=\"add-to-cart-button-inner\"><div class=\"add-to-cart-button-inner2\"><a class=\"product_link_over\" href=\"https:\/\/www.battiloro.it\/es\/metales-preciosos\/kt-18-oro-verde\/\"><\/a><a rel=\"nofollow\" href=\"https:\/\/www.battiloro.it\/es\/metales-preciosos\/kt-18-oro-verde\/\" data-quantity=\"1\" data-product_id=\"53661\" data-product_sku=\"\" class=\"qbutton add-to-cart-button button product_type_simple\">Read more<\/a><\/div><\/div><\/div>\t\t\t<\/div>\n\t\t\t<div class=\"product_info_box\">\n\t\t\t\t<span class=\"product-categories\">\n\t\t\t\t\t<a href=\"https:\/\/www.battiloro.it\/es\/categor\u00eda-producto\/escamas\/\" rel=\"tag\">Escamas<\/a>, <a href=\"https:\/\/www.battiloro.it\/es\/categor\u00eda-producto\/escamas\/\" rel=\"tag\">Escamas<\/a>, <a href=\"https:\/\/www.battiloro.it\/es\/categor\u00eda-producto\/escamas\/\" rel=\"tag\">Escamas<\/a>, <a href=\"https:\/\/www.battiloro.it\/es\/categor\u00eda-producto\/escamas\/\" rel=\"tag\">Escamas<\/a>, <a href=\"https:\/\/www.battiloro.it\/es\/categor\u00eda-producto\/escamas\/\" rel=\"tag\">Escamas<\/a>, <a href=\"https:\/\/www.battiloro.it\/es\/categor\u00eda-producto\/escamas\/\" rel=\"tag\">Escamas<\/a>, <a href=\"https:\/\/www.battiloro.it\/es\/categor\u00eda-producto\/escamas\/\" rel=\"tag\">Escamas<\/a>, <a href=\"https:\/\/www.battiloro.it\/es\/categor\u00eda-producto\/hoja-transfer\/\" rel=\"tag\">Hoja Transfer<\/a>, <a href=\"https:\/\/www.battiloro.it\/es\/categor\u00eda-producto\/metales-preciosos\/\" rel=\"tag\">Metales Preciosos<\/a>, <a href=\"https:\/\/www.battiloro.it\/es\/categor\u00eda-producto\/metales-preciosos\/\" rel=\"tag\">Metales Preciosos<\/a>, <a href=\"https:\/\/www.battiloro.it\/es\/categor\u00eda-producto\/metales-preciosos\/\" rel=\"tag\">Metales Preciosos<\/a>, <a href=\"https:\/\/www.battiloro.it\/es\/categor\u00eda-producto\/metales-preciosos\/\" rel=\"tag\">Metales Preciosos<\/a>, <a href=\"https:\/\/www.battiloro.it\/es\/categor\u00eda-producto\/metales-preciosos\/\" rel=\"tag\">Metales Preciosos<\/a>, <a href=\"https:\/\/www.battiloro.it\/es\/categor\u00eda-producto\/metales-preciosos\/\" rel=\"tag\">Metales Preciosos<\/a>\t\t\t\t<\/span>\n\t\t\t\t<a href=\"https:\/\/www.battiloro.it\/es\/metales-preciosos\/kt-18-oro-verde\/\" class=\"product-category\">            \n\t\t\t\t\t<span class=\"product-title\">KT 18 Oro Verde<\/span>\n\t\t\t\t<\/a>\n\t\t\t\t\t\t\t\t<div class=\"shop_price_lightbox_holder\">\n\t\t\t\t\t\n\n    <div class=\"star-rating\">\n        <span style=\"width: 0%\"><\/span>\n    <\/div>\n\t\t\t\t\t\t\t\t\t<\/div>\t\t\t\t\n\t\t\t<\/div>\n\t\t\t\t<\/li>\n\n\n\t<li class=\"post-53665 product type-product status-publish has-post-thumbnail hentry product_cat-shabin-es\">\n\t\t\t\t\t<div class=\"top-product-section\">\n\t\t\t\t<a href=\"https:\/\/www.battiloro.it\/es\/metales-preciosos\/plata-pura\/\">\n\t\t\t\t\t<span class=\"image-wrapper\">\n\t\t\t\t\t\t\t\t\t\t<\/span>\n\t\t\t\t<\/a>\n\t\t\t\t<div class=\"product_image_overlay\"><\/div><div class=\"add-to-cart-button-outer\"><div class=\"add-to-cart-button-inner\"><div class=\"add-to-cart-button-inner2\"><a class=\"product_link_over\" href=\"https:\/\/www.battiloro.it\/es\/metales-preciosos\/plata-pura\/\"><\/a><a rel=\"nofollow\" href=\"https:\/\/www.battiloro.it\/es\/metales-preciosos\/plata-pura\/\" data-quantity=\"1\" data-product_id=\"53665\" data-product_sku=\"\" class=\"qbutton add-to-cart-button button product_type_simple\">Read more<\/a><\/div><\/div><\/div>\t\t\t<\/div>\n\t\t\t<div class=\"product_info_box\">\n\t\t\t\t<span class=\"product-categories\">\n\t\t\t\t\t<a href=\"https:\/\/www.battiloro.it\/es\/categor\u00eda-producto\/shabin-es\/\" rel=\"tag\">Shabin<\/a>\t\t\t\t<\/span>\n\t\t\t\t<a href=\"https:\/\/www.battiloro.it\/es\/metales-preciosos\/plata-pura\/\" class=\"product-category\">            \n\t\t\t\t\t<span class=\"product-title\">Plata Pura<\/span>\n\t\t\t\t<\/a>\n\t\t\t\t\t\t\t\t<div class=\"shop_price_lightbox_holder\">\n\t\t\t\t\t\n\n    <div class=\"star-rating\">\n        <span style=\"width: 0%\"><\/span>\n    <\/div>\n\t\t\t\t\t\t\t\t\t<\/div>\t\t\t\t\n\t\t\t<\/div>\n\t\t\t\t<\/li>\n\n<\/ul>\n<\/div>[\/vc_column][\/vc_row]<\/p>\n","protected":false},"excerpt":{"rendered":"<p>[vc_row row_type=\u00bbrow\u00bb use_row_as_full_screen_section=\u00bbno\u00bb type=\u00bbfull_width\u00bb oblique_section=\u00bbno\u00bb text_align=\u00bbleft\u00bb css_animation=\u00bb\u00bb box_shadow_on_row=\u00bbno\u00bb][vc_column][vc_empty_space height=\u00bb20px\u00bb image_repeat=\u00bbno-repeat\u00bb][vc_column_text] Escamas [\/vc_column_text][vc_empty_space height=\u00bb20px\u00bb image_repeat=\u00bbno-repeat\u00bb][vc_column_text] Los copos se hacen con la s\u00e1bana rota y se reducen al tama\u00f1o de una u\u00f1a. El uso principal es para alimentos y cosm\u00e9ticos, pero tambi\u00e9n se usa para hacer dorados especiales. EMBALAJE: Tarro de 1 gr. hasta 20 gr.[\/vc_column_text][vc_empty_space height=\u00bb45px\u00bb image_repeat=\u00bbno-repeat\u00bb][\/vc_column][\/vc_row]<\/p>\n","protected":false},"author":1,"featured_media":0,"parent":53628,"menu_order":0,"comment_status":"closed","ping_status":"closed","template":"","meta":{"footnotes":""},"class_list":["post-53643","page","type-page","status-publish","hentry"],"_links":{"self":[{"href":"https:\/\/www.battiloro.it\/es\/wp-json\/wp\/v2\/pages\/53643","targetHints":{"allow":["GET"]}}],"collection":[{"href":"https:\/\/www.battiloro.it\/es\/wp-json\/wp\/v2\/pages"}],"about":[{"href":"https:\/\/www.battiloro.it\/es\/wp-json\/wp\/v2\/types\/page"}],"author":[{"embeddable":true,"href":"https:\/\/www.battiloro.it\/es\/wp-json\/wp\/v2\/users\/1"}],"replies":[{"embeddable":true,"href":"https:\/\/www.battiloro.it\/es\/wp-json\/wp\/v2\/comments?post=53643"}],"version-history":[{"count":2,"href":"https:\/\/www.battiloro.it\/es\/wp-json\/wp\/v2\/pages\/53643\/revisions"}],"predecessor-version":[{"id":53645,"href":"https:\/\/www.battiloro.it\/es\/wp-json\/wp\/v2\/pages\/53643\/revisions\/53645"}],"up":[{"embeddable":true,"href":"https:\/\/www.battiloro.it\/es\/wp-json\/wp\/v2\/pages\/53628"}],"wp:attachment":[{"href":"https:\/\/www.battiloro.it\/es\/wp-json\/wp\/v2\/media?parent=53643"}],"curies":[{"name":"wp","href":"https:\/\/api.w.org\/{rel}","templated":true}]}}